{"id":13,"date":"2019-01-27T12:43:55","date_gmt":"2019-01-27T11:43:55","guid":{"rendered":"https:\/\/www.perlwitz-gmbh.de\/?page_id=13"},"modified":"2019-01-27T14:12:19","modified_gmt":"2019-01-27T13:12:19","slug":"herzlich-willkommen-bei-der-perlwitz-gmbh-in-niederjesar","status":"publish","type":"page","link":"https:\/\/www.perlwitz-gmbh.de\/","title":{"rendered":"Herzlich willkommen bei der Perlwitz GmbH in Niederjesar"},"content":{"rendered":"\n<div class=\"wp-block-image\"><figure class=\"aligncenter\"><img decoding=\"async\" loading=\"lazy\" width=\"1024\" height=\"227\" src=\"https:\/\/www.perlwitz-gmbh.de\/wp-content\/uploads\/2019\/01\/Bildschirmfoto-2019-01-27-um-14.06.40-1024x227.png\" alt=\"\" class=\"wp-image-125\" srcset=\"https:\/\/www.perlwitz-gmbh.de\/wp-content\/uploads\/2019\/01\/Bildschirmfoto-2019-01-27-um-14.06.40-1024x227.png 1024w, https:\/\/www.perlwitz-gmbh.de\/wp-content\/uploads\/2019\/01\/Bildschirmfoto-2019-01-27-um-14.06.40-300x67.png 300w, https:\/\/www.perlwitz-gmbh.de\/wp-content\/uploads\/2019\/01\/Bildschirmfoto-2019-01-27-um-14.06.40-768x170.png 768w, https:\/\/www.perlwitz-gmbh.de\/wp-content\/uploads\/2019\/01\/Bildschirmfoto-2019-01-27-um-14.06.40.png 1365w\" sizes=\"(max-width: 767px) 89vw, (max-width: 1000px) 54vw, (max-width: 1071px) 543px, 580px\" \/><\/figure><\/div>\n\n\n\n<p>Sie suchen einen kreativen und kompetenten Berater f\u00fcr Raumausstattung, Inneneinrichtung, Sonnenschutz und Autosattlerei in Niederjesar und Umgebung? Wir sind genau die richtigen Partner f\u00fcr Sie! Wir setzen Ihre W\u00fcnsche in der Hauptstadtregion Berlin &#8211; Raum Brandenburg um.<\/p>\n\n\n\n<p>Seit&nbsp;1845 dienen wir unseren Kunden wie auch \u00f6ffentlichen Auftraggebern (Gemeinden, namenhafte Stadtverwaltungen). Mit Bestehen der Meisterpr\u00fcfung vor 30 Jahren, paart sich unser Fachwissen&nbsp;mit Kreativit\u00e4t, Qualit\u00e4t und Individualit\u00e4t. Selbstverst\u00e4ndlich beraten wir Sie pers\u00f6nlich und fachm\u00e4nnisch.<\/p>\n\n\n\n<p>Unsere Beratung hilft Ihnen bei der Auswahl der Materialien bis hin zur Umsetzung Ihres Projektes. Daf\u00fcr stehen wir als Meisterbetrieb! Auf unser handwerkliches Geschick und Wissen k\u00f6nnen Sie sich verlassen!&nbsp;<br><\/p>\n\n\n\n<p>Wir versprechen: Sie werden zufrieden sein! Um Ihnen eine gr\u00f6\u00dftm\u00f6gliche Produktauswahl anzubieten, die unseren hohen Qualit\u00e4tsstandards entspricht, arbeiten wir mit vielen namenhaften Herstellern zusammen.<\/p>\n","protected":false},"excerpt":{"rendered":"<p>Sie suchen einen kreativen und kompetenten Berater f\u00fcr Raumausstattung, Inneneinrichtung, Sonnenschutz und Autosattlerei in Niederjesar und Umgebung? Wir sind genau die richtigen Partner f\u00fcr Sie! Wir setzen Ihre W\u00fcnsche in der Hauptstadtregion Berlin &#8211; Raum Brandenburg um. Seit&nbsp;1845 dienen wir unseren Kunden wie auch \u00f6ffentlichen Auftraggebern (Gemeinden, namenhafte Stadtverwaltungen). Mit Bestehen der Meisterpr\u00fcfung vor 30 &hellip; <\/p>\n<p class=\"link-more\"><a href=\"https:\/\/www.perlwitz-gmbh.de\/\" class=\"more-link\"><span class=\"screen-reader-text\">\u201eHerzlich willkommen bei der Perlwitz GmbH in Niederjesar\u201c<\/span> weiterlesen<\/a><\/p>\n","protected":false},"author":1,"featured_media":0,"parent":0,"menu_order":0,"comment_status":"closed","ping_status":"closed","template":"","meta":[],"_links":{"self":[{"href":"https:\/\/www.perlwitz-gmbh.de\/index.php?rest_route=\/wp\/v2\/pages\/13"}],"collection":[{"href":"https:\/\/www.perlwitz-gmbh.de\/index.php?rest_route=\/wp\/v2\/pages"}],"about":[{"href":"https:\/\/www.perlwitz-gmbh.de\/index.php?rest_route=\/wp\/v2\/types\/page"}],"author":[{"embeddable":true,"href":"https:\/\/www.perlwitz-gmbh.de\/index.php?rest_route=\/wp\/v2\/users\/1"}],"replies":[{"embeddable":true,"href":"https:\/\/www.perlwitz-gmbh.de\/index.php?rest_route=%2Fwp%2Fv2%2Fcomments&post=13"}],"version-history":[{"count":3,"href":"https:\/\/www.perlwitz-gmbh.de\/index.php?rest_route=\/wp\/v2\/pages\/13\/revisions"}],"predecessor-version":[{"id":1107,"href":"https:\/\/www.perlwitz-gmbh.de\/index.php?rest_route=\/wp\/v2\/pages\/13\/revisions\/1107"}],"wp:attachment":[{"href":"https:\/\/www.perlwitz-gmbh.de\/index.php?rest_route=%2Fwp%2Fv2%2Fmedia&parent=13"}],"curies":[{"name":"wp","href":"https:\/\/api.w.org\/{rel}","templated":true}]}}