{"id":24,"date":"2019-01-27T13:10:54","date_gmt":"2019-01-27T12:10:54","guid":{"rendered":"https:\/\/www.perlwitz-gmbh.de\/?page_id=24"},"modified":"2019-02-13T10:06:05","modified_gmt":"2019-02-13T09:06:05","slug":"unternehmen","status":"publish","type":"page","link":"https:\/\/www.perlwitz-gmbh.de\/?page_id=24","title":{"rendered":"Unternehmen"},"content":{"rendered":"\n<h1>Die Perlwitz GmbH steht f\u00fcr Qualit\u00e4t &amp; Kompetenz!<br><strong>Ihre Anforderungen sind unser Anliegen.<\/strong><\/h1>\n\n\n\n<h2><strong><br>Perlwitz ist das Synonym f\u00fcr den richtigen Partner, wenn es um Planen, Sonnenschutzanlagen, Roll\u00e4den &amp; Fu\u00dfb\u00f6den aller Art geht.<br><br><\/strong><\/h2>\n\n\n\n<p>Unser weites Kompetenzfeld erstreckt sich unter anderem von der&nbsp;Fertigung von Cabrioverdecks \u00fcber T\u00fcrpolsterung bis hin zur Neugestaltung von M\u00f6beln.<\/p>\n\n\n\n<p>Tradition wird bei uns gro\u00df geschrieben! Das Unternehmen wurde 1845 gegr\u00fcndet.&nbsp;<br>Guido Perlwitz f\u00fchrt das Familienunternehmen bereits in der 6. Generation.<br><br>Im Rahmen einer Neustrukturierung kam es 1990 zur Entstehung der Perlwitz GmbH.<\/p>\n\n\n\n<p>Als traditionsreiches Unternehmen k\u00f6nnen wir auf einen gro\u00dfen Kundenstamm verweisen.<br><br>Ausschlaggebend f\u00fcr unseren langfristigen Erfolg sind die drei Kernpunkte unserer Unternehmensphilosophie:<\/p>\n\n\n\n<h3><strong><br>1.<\/strong>&nbsp;Die individuellen W\u00fcnsche des Kunden stehen bei uns im Vordergrund!<br><strong>2.<\/strong>&nbsp;Qualit\u00e4t ist oberstes Gebot!<br><strong>3.<\/strong>&nbsp;Die erteilten Auftr\u00e4ge werden schnellstens in Absprache mit dem Kunden ausgef\u00fchrt!<\/h3>\n\n\n\n<p>Ich als Unternehmensf\u00fchrung und unser Mitarbeiterteam von 12 Besch\u00e4ftigten sind t\u00e4glich darum bem\u00fcht, unsere Philosophie umzusetzen.<\/p>\n\n\n\n<p>Im Zuge der wirtschaftlichen Umgestaltung errichteten wir 1993 eine neue Fertigungshalle, um den hohen Anspr\u00fcchen unserer Kunden auch zuk\u00fcnftig gerecht zu werden.<\/p>\n\n\n\n<p>Somit ist gew\u00e4hrleistet, dass sich die Kreativit\u00e4t unserer Besch\u00e4ftigten mit neuesten Know-how bei der Umsetzung Ihrer Anforderungen verbindet! &nbsp; &nbsp;<\/p>\n\n\n\n<p>Regelm\u00e4\u00dfige Schulungen bei unseren Partnerfirmen sichern, dass wir st\u00e4ndig auf dem neuesten Stand der Produkte und Technik sind.&nbsp;<\/p>\n","protected":false},"excerpt":{"rendered":"<p>Die Perlwitz GmbH steht f\u00fcr Qualit\u00e4t &amp; Kompetenz!Ihre Anforderungen sind unser Anliegen. Perlwitz ist das Synonym f\u00fcr den richtigen Partner, wenn es um Planen, Sonnenschutzanlagen, Roll\u00e4den &amp; Fu\u00dfb\u00f6den aller Art geht. Unser weites Kompetenzfeld erstreckt sich unter anderem von der&nbsp;Fertigung von Cabrioverdecks \u00fcber T\u00fcrpolsterung bis hin zur Neugestaltung von M\u00f6beln. Tradition wird bei uns gro\u00df &hellip; <\/p>\n<p class=\"link-more\"><a href=\"https:\/\/www.perlwitz-gmbh.de\/?page_id=24\" class=\"more-link\"><span class=\"screen-reader-text\">\u201eUnternehmen\u201c<\/span> weiterlesen<\/a><\/p>\n","protected":false},"author":1,"featured_media":0,"parent":0,"menu_order":0,"comment_status":"closed","ping_status":"closed","template":"","meta":[],"_links":{"self":[{"href":"https:\/\/www.perlwitz-gmbh.de\/index.php?rest_route=\/wp\/v2\/pages\/24"}],"collection":[{"href":"https:\/\/www.perlwitz-gmbh.de\/index.php?rest_route=\/wp\/v2\/pages"}],"about":[{"href":"https:\/\/www.perlwitz-gmbh.de\/index.php?rest_route=\/wp\/v2\/types\/page"}],"author":[{"embeddable":true,"href":"https:\/\/www.perlwitz-gmbh.de\/index.php?rest_route=\/wp\/v2\/users\/1"}],"replies":[{"embeddable":true,"href":"https:\/\/www.perlwitz-gmbh.de\/index.php?rest_route=%2Fwp%2Fv2%2Fcomments&post=24"}],"version-history":[{"count":4,"href":"https:\/\/www.perlwitz-gmbh.de\/index.php?rest_route=\/wp\/v2\/pages\/24\/revisions"}],"predecessor-version":[{"id":1099,"href":"https:\/\/www.perlwitz-gmbh.de\/index.php?rest_route=\/wp\/v2\/pages\/24\/revisions\/1099"}],"wp:attachment":[{"href":"https:\/\/www.perlwitz-gmbh.de\/index.php?rest_route=%2Fwp%2Fv2%2Fmedia&parent=24"}],"curies":[{"name":"wp","href":"https:\/\/api.w.org\/{rel}","templated":true}]}}