{"id":25,"date":"2019-01-27T13:10:54","date_gmt":"2019-01-27T12:10:54","guid":{"rendered":"https:\/\/www.perlwitz-gmbh.de\/?page_id=25"},"modified":"2019-01-29T15:45:41","modified_gmt":"2019-01-29T14:45:41","slug":"raumausstattung","status":"publish","type":"page","link":"https:\/\/www.perlwitz-gmbh.de\/?page_id=25","title":{"rendered":"Raumausstattung"},"content":{"rendered":"\n<h2>Bodengestaltung<\/h2>\n\n\n\n<p>Stil und Struktur eines jeden Raumes werden besonders durch den Boden bestimmt. Fundiertes Fachwissen \u00fcber die Wirkung verschiedenster Materialien, Werkstoffe und Verfahrenstechniken geh\u00f6ren zur Grundvoraussetzung um B\u00f6den hochwertig zu gestalten.<\/p>\n\n\n\n<p>Wir verlegen &amp; reparieren f\u00fcr Sie Bodenbel\u00e4ge aller Art f\u00fcr jeden Anspruch.<\/p>\n\n\n\n<p>Wir beraten Sie bei der Auswahl verschiedenster Bodenarten und Kollektionen. Durch unsere breite Auswahl an &nbsp;Materialien:<\/p>\n\n\n\n<ul><li>CV<\/li><li>Teppichb\u00f6den<\/li><li>Laminatb\u00f6den<\/li><li>Kautschukb\u00f6den<\/li><li>Korkb\u00f6den<\/li><li>PVC Bel\u00e4gen<\/li><li>Linoleum<\/li><li>LVT Designb\u00f6den<\/li><li>Bodenbel\u00e4ge als Wandverkleidung m\u00f6glich<\/li><\/ul>\n\n\n\n<p>\u2026sind wir uns sicher, dass wir auch das Passende f\u00fcr Ihren Geschmack in unserem Sortiment haben!<\/p>\n\n\n\n<h2>Dekorationsarbeiten<\/h2>\n\n\n\n<p>Dank unserem vielf\u00e4ltigen Angebot an Stoffen f\u00fchrender Lieferanten und Designer, finden Sie bei uns garantiert Ihren Wunschvorhang und nat\u00fcrlich auch die richtige Gardine!<\/p>\n\n\n\n<p>Um Sie bei der Auswahl zu unterst\u00fctzen, besuchen wir Sie gerne auch vor Ort, um gemeinsam mit Ihnen die passenden Materialien und Farben auszusuchen, die am besten mit Ihrem Raum harmonieren.<\/p>\n\n\n\n<p>W\u00e4hlen Sie zwischen einem breiten Spektrum aus:<\/p>\n\n\n\n<ul><li>Gardinen \/ Vorh\u00e4nge<br><\/li><li>Fl\u00e4chenvorh\u00e4nge<\/li><li>Stores<\/li><li>Reinigung von Gardinen &amp; Vorh\u00e4ngen<\/li><\/ul>\n\n\n\n<p>Wir n\u00e4hen &amp; montieren f\u00fcr Sie Gardinen &amp; Vorh\u00e4nge. Dazu bieten wir Ihnen den dazugeh\u00f6rigen Vollservice!<\/p>\n\n\n\n<h2>Abpolsterung von T\u00fcren &#8211; auch vor Ort!<\/h2>\n\n\n\n<p>Zuverl\u00e4ssiger Schallschutz in den eigenen vier W\u00e4nden oder in Ihrem Unternehmen.&nbsp;Dass alles, was besprochen wird, auch im Raum bleibt &#8211; bei gleichzeitig attraktiver Gestaltung von T\u00fcren.<br>Wir fertigen auch Prallschutz an.<\/p>\n\n\n\n<ul class=\"is-layout-flex wp-block-gallery-1 wp-block-gallery columns-3 is-cropped\"><li class=\"blocks-gallery-item\"><figure><img decoding=\"async\" loading=\"lazy\" width=\"800\" height=\"533\" src=\"https:\/\/www.perlwitz-gmbh.de\/wp-content\/uploads\/2019\/01\/DSC00517.jpg\" alt=\"\" data-id=\"210\" data-link=\"https:\/\/www.perlwitz-gmbh.de\/?attachment_id=210\" class=\"wp-image-210\" srcset=\"https:\/\/www.perlwitz-gmbh.de\/wp-content\/uploads\/2019\/01\/DSC00517.jpg 800w, https:\/\/www.perlwitz-gmbh.de\/wp-content\/uploads\/2019\/01\/DSC00517-300x200.jpg 300w, https:\/\/www.perlwitz-gmbh.de\/wp-content\/uploads\/2019\/01\/DSC00517-768x512.jpg 768w\" sizes=\"(max-width: 767px) 89vw, (max-width: 1000px) 54vw, (max-width: 1071px) 543px, 580px\" \/><\/figure><\/li><li class=\"blocks-gallery-item\"><figure><img decoding=\"async\" loading=\"lazy\" width=\"800\" height=\"533\" src=\"https:\/\/www.perlwitz-gmbh.de\/wp-content\/uploads\/2019\/01\/DSC00518.jpg\" alt=\"\" data-id=\"211\" data-link=\"https:\/\/www.perlwitz-gmbh.de\/?attachment_id=211\" class=\"wp-image-211\" srcset=\"https:\/\/www.perlwitz-gmbh.de\/wp-content\/uploads\/2019\/01\/DSC00518.jpg 800w, https:\/\/www.perlwitz-gmbh.de\/wp-content\/uploads\/2019\/01\/DSC00518-300x200.jpg 300w, https:\/\/www.perlwitz-gmbh.de\/wp-content\/uploads\/2019\/01\/DSC00518-768x512.jpg 768w\" sizes=\"(max-width: 767px) 89vw, (max-width: 1000px) 54vw, (max-width: 1071px) 543px, 580px\" \/><\/figure><\/li><li class=\"blocks-gallery-item\"><figure><img decoding=\"async\" loading=\"lazy\" width=\"800\" height=\"533\" src=\"https:\/\/www.perlwitz-gmbh.de\/wp-content\/uploads\/2019\/01\/DSC00521.jpg\" alt=\"\" data-id=\"212\" data-link=\"https:\/\/www.perlwitz-gmbh.de\/?attachment_id=212\" class=\"wp-image-212\" srcset=\"https:\/\/www.perlwitz-gmbh.de\/wp-content\/uploads\/2019\/01\/DSC00521.jpg 800w, https:\/\/www.perlwitz-gmbh.de\/wp-content\/uploads\/2019\/01\/DSC00521-300x200.jpg 300w, https:\/\/www.perlwitz-gmbh.de\/wp-content\/uploads\/2019\/01\/DSC00521-768x512.jpg 768w\" sizes=\"(max-width: 767px) 89vw, (max-width: 1000px) 54vw, (max-width: 1071px) 543px, 580px\" \/><\/figure><\/li><li class=\"blocks-gallery-item\"><figure><img decoding=\"async\" loading=\"lazy\" width=\"800\" height=\"533\" src=\"https:\/\/www.perlwitz-gmbh.de\/wp-content\/uploads\/2019\/01\/DSC00522.jpg\" alt=\"\" data-id=\"213\" data-link=\"https:\/\/www.perlwitz-gmbh.de\/?attachment_id=213\" class=\"wp-image-213\" srcset=\"https:\/\/www.perlwitz-gmbh.de\/wp-content\/uploads\/2019\/01\/DSC00522.jpg 800w, https:\/\/www.perlwitz-gmbh.de\/wp-content\/uploads\/2019\/01\/DSC00522-300x200.jpg 300w, https:\/\/www.perlwitz-gmbh.de\/wp-content\/uploads\/2019\/01\/DSC00522-768x512.jpg 768w\" sizes=\"(max-width: 767px) 89vw, (max-width: 1000px) 54vw, (max-width: 1071px) 543px, 580px\" \/><\/figure><\/li><li class=\"blocks-gallery-item\"><figure><img decoding=\"async\" loading=\"lazy\" width=\"800\" height=\"600\" src=\"https:\/\/www.perlwitz-gmbh.de\/wp-content\/uploads\/2019\/01\/DSC00053.jpg\" alt=\"\" data-id=\"214\" data-link=\"https:\/\/www.perlwitz-gmbh.de\/?attachment_id=214\" class=\"wp-image-214\" srcset=\"https:\/\/www.perlwitz-gmbh.de\/wp-content\/uploads\/2019\/01\/DSC00053.jpg 800w, https:\/\/www.perlwitz-gmbh.de\/wp-content\/uploads\/2019\/01\/DSC00053-300x225.jpg 300w, https:\/\/www.perlwitz-gmbh.de\/wp-content\/uploads\/2019\/01\/DSC00053-768x576.jpg 768w\" sizes=\"(max-width: 767px) 89vw, (max-width: 1000px) 54vw, (max-width: 1071px) 543px, 580px\" \/><\/figure><\/li><li class=\"blocks-gallery-item\"><figure><img decoding=\"async\" loading=\"lazy\" width=\"800\" height=\"600\" src=\"https:\/\/www.perlwitz-gmbh.de\/wp-content\/uploads\/2019\/01\/DSC00085.jpg\" alt=\"\" data-id=\"215\" data-link=\"https:\/\/www.perlwitz-gmbh.de\/?attachment_id=215\" class=\"wp-image-215\" srcset=\"https:\/\/www.perlwitz-gmbh.de\/wp-content\/uploads\/2019\/01\/DSC00085.jpg 800w, https:\/\/www.perlwitz-gmbh.de\/wp-content\/uploads\/2019\/01\/DSC00085-300x225.jpg 300w, https:\/\/www.perlwitz-gmbh.de\/wp-content\/uploads\/2019\/01\/DSC00085-768x576.jpg 768w\" sizes=\"(max-width: 767px) 89vw, (max-width: 1000px) 54vw, (max-width: 1071px) 543px, 580px\" \/><\/figure><\/li><li class=\"blocks-gallery-item\"><figure><img decoding=\"async\" loading=\"lazy\" width=\"800\" height=\"503\" src=\"https:\/\/www.perlwitz-gmbh.de\/wp-content\/uploads\/2019\/01\/sessel1.jpg\" alt=\"\" data-id=\"239\" data-link=\"https:\/\/www.perlwitz-gmbh.de\/?attachment_id=239\" class=\"wp-image-239\" srcset=\"https:\/\/www.perlwitz-gmbh.de\/wp-content\/uploads\/2019\/01\/sessel1.jpg 800w, https:\/\/www.perlwitz-gmbh.de\/wp-content\/uploads\/2019\/01\/sessel1-300x189.jpg 300w, https:\/\/www.perlwitz-gmbh.de\/wp-content\/uploads\/2019\/01\/sessel1-768x483.jpg 768w\" sizes=\"(max-width: 767px) 89vw, (max-width: 1000px) 54vw, (max-width: 1071px) 543px, 580px\" \/><\/figure><\/li><li class=\"blocks-gallery-item\"><figure><img decoding=\"async\" loading=\"lazy\" width=\"800\" height=\"503\" src=\"https:\/\/www.perlwitz-gmbh.de\/wp-content\/uploads\/2019\/01\/sessel2.jpg\" alt=\"\" data-id=\"240\" data-link=\"https:\/\/www.perlwitz-gmbh.de\/?attachment_id=240\" class=\"wp-image-240\" srcset=\"https:\/\/www.perlwitz-gmbh.de\/wp-content\/uploads\/2019\/01\/sessel2.jpg 800w, https:\/\/www.perlwitz-gmbh.de\/wp-content\/uploads\/2019\/01\/sessel2-300x189.jpg 300w, https:\/\/www.perlwitz-gmbh.de\/wp-content\/uploads\/2019\/01\/sessel2-768x483.jpg 768w\" sizes=\"(max-width: 767px) 89vw, (max-width: 1000px) 54vw, (max-width: 1071px) 543px, 580px\" \/><\/figure><\/li><\/ul>\n\n\n\n<p><a href=\"https:\/\/www.perlwitz-gmbh.de\/?page_id=69\"><br>Kontaktieren<\/a>&nbsp;Sie uns, damit wir gemeinsam einen unverbindlichen Beratungstermin vereinbaren k\u00f6nnen. Wir freuen uns auf Sie!<\/p>\n","protected":false},"excerpt":{"rendered":"<p>Bodengestaltung Stil und Struktur eines jeden Raumes werden besonders durch den Boden bestimmt. Fundiertes Fachwissen \u00fcber die Wirkung verschiedenster Materialien, Werkstoffe und Verfahrenstechniken geh\u00f6ren zur Grundvoraussetzung um B\u00f6den hochwertig zu gestalten. Wir verlegen &amp; reparieren f\u00fcr Sie Bodenbel\u00e4ge aller Art f\u00fcr jeden Anspruch. Wir beraten Sie bei der Auswahl verschiedenster Bodenarten und Kollektionen. Durch unsere &hellip; <\/p>\n<p class=\"link-more\"><a href=\"https:\/\/www.perlwitz-gmbh.de\/?page_id=25\" class=\"more-link\"><span class=\"screen-reader-text\">\u201eRaumausstattung\u201c<\/span> weiterlesen<\/a><\/p>\n","protected":false},"author":1,"featured_media":0,"parent":0,"menu_order":0,"comment_status":"closed","ping_status":"closed","template":"","meta":[],"_links":{"self":[{"href":"https:\/\/www.perlwitz-gmbh.de\/index.php?rest_route=\/wp\/v2\/pages\/25"}],"collection":[{"href":"https:\/\/www.perlwitz-gmbh.de\/index.php?rest_route=\/wp\/v2\/pages"}],"about":[{"href":"https:\/\/www.perlwitz-gmbh.de\/index.php?rest_route=\/wp\/v2\/types\/page"}],"author":[{"embeddable":true,"href":"https:\/\/www.perlwitz-gmbh.de\/index.php?rest_route=\/wp\/v2\/users\/1"}],"replies":[{"embeddable":true,"href":"https:\/\/www.perlwitz-gmbh.de\/index.php?rest_route=%2Fwp%2Fv2%2Fcomments&post=25"}],"version-history":[{"count":5,"href":"https:\/\/www.perlwitz-gmbh.de\/index.php?rest_route=\/wp\/v2\/pages\/25\/revisions"}],"predecessor-version":[{"id":241,"href":"https:\/\/www.perlwitz-gmbh.de\/index.php?rest_route=\/wp\/v2\/pages\/25\/revisions\/241"}],"wp:attachment":[{"href":"https:\/\/www.perlwitz-gmbh.de\/index.php?rest_route=%2Fwp%2Fv2%2Fmedia&parent=25"}],"curies":[{"name":"wp","href":"https:\/\/api.w.org\/{rel}","templated":true}]}}