{"id":26,"date":"2019-01-27T13:10:54","date_gmt":"2019-01-27T12:10:54","guid":{"rendered":"https:\/\/www.perlwitz-gmbh.de\/?page_id=26"},"modified":"2019-01-28T12:02:42","modified_gmt":"2019-01-28T11:02:42","slug":"planen","status":"publish","type":"page","link":"https:\/\/www.perlwitz-gmbh.de\/?page_id=26","title":{"rendered":"Planen"},"content":{"rendered":"\n<h1>Neuanfertigung &amp; Reparatur von Planen aller Art<\/h1>\n\n\n\n<p>Sie ben\u00f6tigen Planen f\u00fcr Ihren LKW, Transporter oder zu Marketingzwecken?<\/p>\n\n\n\n<p>Es m\u00fcssen Reparaturarbeiten (auch vor Ort!!) an vorhandenen Planen vorgenommen werden?<\/p>\n\n\n\n<p>Bei uns finden Sie alles zum Thema:&nbsp;<\/p>\n\n\n\n<ul><li><a href=\"https:\/\/www.perlwitz-gmbh.de\/?page_id=35\">Fahrzeugplanen<\/a><\/li><li><a href=\"https:\/\/www.perlwitz-gmbh.de\/?page_id=36\">H\u00e4ngerplanen<\/a><\/li><li><a href=\"https:\/\/www.perlwitz-gmbh.de\/?page_id=66\">Bootsplanen<\/a><\/li><\/ul>\n\n\n\n<p>sowie Sonderanfertigungen f\u00fcr :<\/p>\n\n\n\n<ul><li>Pavillond\u00e4cher<\/li><li>Hollywoodschaukeln<\/li><li>Abdeckplanen<\/li><li>Terrassenplanen&nbsp;<\/li><\/ul>\n\n\n\n<p>Lehnen Sie sich zur\u00fcck und lassen Sie sich von uns individuell beraten, wir setzen Ihre Vorstellungen um.<br>Komplettservice hei\u00dft f\u00fcr Sie: Spriegelgestell- und Planenaufbau und auf Wunsch Beschriftung der Planen.<\/p>\n","protected":false},"excerpt":{"rendered":"<p>Neuanfertigung &amp; Reparatur von Planen aller Art Sie ben\u00f6tigen Planen f\u00fcr Ihren LKW, Transporter oder zu Marketingzwecken? Es m\u00fcssen Reparaturarbeiten (auch vor Ort!!) an vorhandenen Planen vorgenommen werden? Bei uns finden Sie alles zum Thema:&nbsp; Fahrzeugplanen H\u00e4ngerplanen Bootsplanen sowie Sonderanfertigungen f\u00fcr : Pavillond\u00e4cher Hollywoodschaukeln Abdeckplanen Terrassenplanen&nbsp; Lehnen Sie sich zur\u00fcck und lassen Sie sich von &hellip; <\/p>\n<p class=\"link-more\"><a href=\"https:\/\/www.perlwitz-gmbh.de\/?page_id=26\" class=\"more-link\"><span class=\"screen-reader-text\">\u201ePlanen\u201c<\/span> weiterlesen<\/a><\/p>\n","protected":false},"author":1,"featured_media":0,"parent":0,"menu_order":0,"comment_status":"closed","ping_status":"closed","template":"","meta":[],"_links":{"self":[{"href":"https:\/\/www.perlwitz-gmbh.de\/index.php?rest_route=\/wp\/v2\/pages\/26"}],"collection":[{"href":"https:\/\/www.perlwitz-gmbh.de\/index.php?rest_route=\/wp\/v2\/pages"}],"about":[{"href":"https:\/\/www.perlwitz-gmbh.de\/index.php?rest_route=\/wp\/v2\/types\/page"}],"author":[{"embeddable":true,"href":"https:\/\/www.perlwitz-gmbh.de\/index.php?rest_route=\/wp\/v2\/users\/1"}],"replies":[{"embeddable":true,"href":"https:\/\/www.perlwitz-gmbh.de\/index.php?rest_route=%2Fwp%2Fv2%2Fcomments&post=26"}],"version-history":[{"count":3,"href":"https:\/\/www.perlwitz-gmbh.de\/index.php?rest_route=\/wp\/v2\/pages\/26\/revisions"}],"predecessor-version":[{"id":152,"href":"https:\/\/www.perlwitz-gmbh.de\/index.php?rest_route=\/wp\/v2\/pages\/26\/revisions\/152"}],"wp:attachment":[{"href":"https:\/\/www.perlwitz-gmbh.de\/index.php?rest_route=%2Fwp%2Fv2%2Fmedia&parent=26"}],"curies":[{"name":"wp","href":"https:\/\/api.w.org\/{rel}","templated":true}]}}