{"id":31,"date":"2019-01-27T13:10:54","date_gmt":"2019-01-27T12:10:54","guid":{"rendered":"https:\/\/www.perlwitz-gmbh.de\/?page_id=31"},"modified":"2019-01-29T15:25:30","modified_gmt":"2019-01-29T14:25:30","slug":"referenzen","status":"publish","type":"page","link":"https:\/\/www.perlwitz-gmbh.de\/?page_id=31","title":{"rendered":"Referenzen"},"content":{"rendered":"\n<p>Hier k\u00f6nnen Sie sich ein Bild \u00fcber unsere Arbeit und Projekte verschaffen. Zu unserem Kundenstamm geh\u00f6ren neben Privatpersonen auch kleine und mittelst\u00e4ndische Unternehmen, die immer wieder gerne mit uns zusammenarbeiten.<\/p>\n\n\n\n<p>Lassen Sie sich von unseren Referenzprojekten \u00fcberzeugen und kontaktieren Sie uns. Wir freuen uns auf Ihren Auftrag! &nbsp;<\/p>\n\n\n\n<h4>Unsere Referenzprojekte:<\/h4>\n\n\n\n<h2>Innenraumgestaltung<\/h2>\n\n\n\n<ul class=\"is-layout-flex wp-block-gallery-1 wp-block-gallery columns-2 is-cropped\"><li class=\"blocks-gallery-item\"><figure><img decoding=\"async\" loading=\"lazy\" width=\"1000\" height=\"666\" src=\"https:\/\/www.perlwitz-gmbh.de\/wp-content\/uploads\/2019\/01\/Download.jpeg\" alt=\"\" data-id=\"180\" data-link=\"https:\/\/www.perlwitz-gmbh.de\/?attachment_id=180\" class=\"wp-image-180\" srcset=\"https:\/\/www.perlwitz-gmbh.de\/wp-content\/uploads\/2019\/01\/Download.jpeg 1000w, https:\/\/www.perlwitz-gmbh.de\/wp-content\/uploads\/2019\/01\/Download-300x200.jpeg 300w, https:\/\/www.perlwitz-gmbh.de\/wp-content\/uploads\/2019\/01\/Download-768x511.jpeg 768w\" sizes=\"(max-width: 767px) 89vw, (max-width: 1000px) 54vw, (max-width: 1071px) 543px, 580px\" \/><figcaption>Living room in luxury home with fireplace<\/figcaption><\/figure><\/li><li class=\"blocks-gallery-item\"><figure><img decoding=\"async\" loading=\"lazy\" width=\"693\" height=\"1000\" src=\"https:\/\/www.perlwitz-gmbh.de\/wp-content\/uploads\/2019\/01\/Download-1.jpeg\" alt=\"\" data-id=\"181\" data-link=\"https:\/\/www.perlwitz-gmbh.de\/?attachment_id=181\" class=\"wp-image-181\" srcset=\"https:\/\/www.perlwitz-gmbh.de\/wp-content\/uploads\/2019\/01\/Download-1.jpeg 693w, https:\/\/www.perlwitz-gmbh.de\/wp-content\/uploads\/2019\/01\/Download-1-208x300.jpeg 208w\" sizes=\"(max-width: 693px) 100vw, 693px\" \/><figcaption>Living room in luxury home with fireplace<\/figcaption><\/figure><\/li><\/ul>\n\n\n\n<h2>Autopolsterei &amp; Oldtimer<\/h2>\n\n\n\n<ul class=\"is-layout-flex wp-block-gallery-3 wp-block-gallery columns-3 is-cropped\"><li class=\"blocks-gallery-item\"><figure><img decoding=\"async\" loading=\"lazy\" width=\"1024\" height=\"768\" src=\"https:\/\/www.perlwitz-gmbh.de\/wp-content\/uploads\/2019\/01\/Download-6-1024x768.jpeg\" alt=\"\" data-id=\"182\" data-link=\"https:\/\/www.perlwitz-gmbh.de\/?attachment_id=182\" class=\"wp-image-182\" srcset=\"https:\/\/www.perlwitz-gmbh.de\/wp-content\/uploads\/2019\/01\/Download-6-1024x768.jpeg 1024w, https:\/\/www.perlwitz-gmbh.de\/wp-content\/uploads\/2019\/01\/Download-6-300x225.jpeg 300w, https:\/\/www.perlwitz-gmbh.de\/wp-content\/uploads\/2019\/01\/Download-6-768x576.jpeg 768w\" sizes=\"(max-width: 767px) 89vw, (max-width: 1000px) 54vw, (max-width: 1071px) 543px, 580px\" \/><\/figure><\/li><li class=\"blocks-gallery-item\"><figure><img decoding=\"async\" loading=\"lazy\" width=\"1024\" height=\"683\" src=\"https:\/\/www.perlwitz-gmbh.de\/wp-content\/uploads\/2019\/01\/Download-7-1024x683.jpeg\" alt=\"\" data-id=\"183\" data-link=\"https:\/\/www.perlwitz-gmbh.de\/?attachment_id=183\" class=\"wp-image-183\" srcset=\"https:\/\/www.perlwitz-gmbh.de\/wp-content\/uploads\/2019\/01\/Download-7-1024x683.jpeg 1024w, https:\/\/www.perlwitz-gmbh.de\/wp-content\/uploads\/2019\/01\/Download-7-300x200.jpeg 300w, https:\/\/www.perlwitz-gmbh.de\/wp-content\/uploads\/2019\/01\/Download-7-768x512.jpeg 768w\" sizes=\"(max-width: 767px) 89vw, (max-width: 1000px) 54vw, (max-width: 1071px) 543px, 580px\" \/><\/figure><\/li><li class=\"blocks-gallery-item\"><figure><img decoding=\"async\" loading=\"lazy\" width=\"1024\" height=\"683\" src=\"https:\/\/www.perlwitz-gmbh.de\/wp-content\/uploads\/2019\/01\/Download-8-1024x683.jpeg\" alt=\"\" data-id=\"184\" data-link=\"https:\/\/www.perlwitz-gmbh.de\/?attachment_id=184\" class=\"wp-image-184\" srcset=\"https:\/\/www.perlwitz-gmbh.de\/wp-content\/uploads\/2019\/01\/Download-8-1024x683.jpeg 1024w, https:\/\/www.perlwitz-gmbh.de\/wp-content\/uploads\/2019\/01\/Download-8-300x200.jpeg 300w, https:\/\/www.perlwitz-gmbh.de\/wp-content\/uploads\/2019\/01\/Download-8-768x512.jpeg 768w\" sizes=\"(max-width: 767px) 89vw, (max-width: 1000px) 54vw, (max-width: 1071px) 543px, 580px\" \/><\/figure><\/li><li class=\"blocks-gallery-item\"><figure><img decoding=\"async\" loading=\"lazy\" width=\"1024\" height=\"683\" src=\"https:\/\/www.perlwitz-gmbh.de\/wp-content\/uploads\/2019\/01\/Download-9-1024x683.jpeg\" alt=\"\" data-id=\"185\" data-link=\"https:\/\/www.perlwitz-gmbh.de\/?attachment_id=185\" class=\"wp-image-185\" srcset=\"https:\/\/www.perlwitz-gmbh.de\/wp-content\/uploads\/2019\/01\/Download-9-1024x683.jpeg 1024w, https:\/\/www.perlwitz-gmbh.de\/wp-content\/uploads\/2019\/01\/Download-9-300x200.jpeg 300w, https:\/\/www.perlwitz-gmbh.de\/wp-content\/uploads\/2019\/01\/Download-9-768x512.jpeg 768w\" sizes=\"(max-width: 767px) 89vw, (max-width: 1000px) 54vw, (max-width: 1071px) 543px, 580px\" \/><\/figure><\/li><li class=\"blocks-gallery-item\"><figure><img decoding=\"async\" loading=\"lazy\" width=\"1024\" height=\"683\" src=\"https:\/\/www.perlwitz-gmbh.de\/wp-content\/uploads\/2019\/01\/Download-11-1024x683.jpeg\" alt=\"\" data-id=\"187\" data-link=\"https:\/\/www.perlwitz-gmbh.de\/?attachment_id=187\" class=\"wp-image-187\" srcset=\"https:\/\/www.perlwitz-gmbh.de\/wp-content\/uploads\/2019\/01\/Download-11-1024x683.jpeg 1024w, https:\/\/www.perlwitz-gmbh.de\/wp-content\/uploads\/2019\/01\/Download-11-300x200.jpeg 300w, https:\/\/www.perlwitz-gmbh.de\/wp-content\/uploads\/2019\/01\/Download-11-768x512.jpeg 768w\" sizes=\"(max-width: 767px) 89vw, (max-width: 1000px) 54vw, (max-width: 1071px) 543px, 580px\" \/><\/figure><\/li><li class=\"blocks-gallery-item\"><figure><img decoding=\"async\" loading=\"lazy\" width=\"165\" height=\"88\" src=\"https:\/\/www.perlwitz-gmbh.de\/wp-content\/uploads\/2019\/01\/Download-12.jpeg\" alt=\"\" data-id=\"188\" data-link=\"https:\/\/www.perlwitz-gmbh.de\/?attachment_id=188\" class=\"wp-image-188\"\/><\/figure><\/li><li class=\"blocks-gallery-item\"><figure><img decoding=\"async\" loading=\"lazy\" width=\"165\" height=\"110\" src=\"https:\/\/www.perlwitz-gmbh.de\/wp-content\/uploads\/2019\/01\/Download-13.jpeg\" alt=\"\" data-id=\"189\" data-link=\"https:\/\/www.perlwitz-gmbh.de\/?attachment_id=189\" class=\"wp-image-189\"\/><\/figure><\/li><li class=\"blocks-gallery-item\"><figure><img decoding=\"async\" loading=\"lazy\" width=\"165\" height=\"110\" src=\"https:\/\/www.perlwitz-gmbh.de\/wp-content\/uploads\/2019\/01\/Download-14.jpeg\" alt=\"\" data-id=\"190\" data-link=\"https:\/\/www.perlwitz-gmbh.de\/?attachment_id=190\" class=\"wp-image-190\"\/><\/figure><\/li><\/ul>\n\n\n\n<figure class=\"wp-block-image\"><img decoding=\"async\" loading=\"lazy\" width=\"1024\" height=\"683\" src=\"https:\/\/www.perlwitz-gmbh.de\/wp-content\/uploads\/2019\/01\/Download-10-1-1024x683.jpeg\" alt=\"\" class=\"wp-image-191\" srcset=\"https:\/\/www.perlwitz-gmbh.de\/wp-content\/uploads\/2019\/01\/Download-10-1-1024x683.jpeg 1024w, https:\/\/www.perlwitz-gmbh.de\/wp-content\/uploads\/2019\/01\/Download-10-1-300x200.jpeg 300w, https:\/\/www.perlwitz-gmbh.de\/wp-content\/uploads\/2019\/01\/Download-10-1-768x512.jpeg 768w\" sizes=\"(max-width: 767px) 89vw, (max-width: 1000px) 54vw, (max-width: 1071px) 543px, 580px\" \/><\/figure>\n","protected":false},"excerpt":{"rendered":"<p>Hier k\u00f6nnen Sie sich ein Bild \u00fcber unsere Arbeit und Projekte verschaffen. Zu unserem Kundenstamm geh\u00f6ren neben Privatpersonen auch kleine und mittelst\u00e4ndische Unternehmen, die immer wieder gerne mit uns zusammenarbeiten. Lassen Sie sich von unseren Referenzprojekten \u00fcberzeugen und kontaktieren Sie uns. Wir freuen uns auf Ihren Auftrag! &nbsp; Unsere Referenzprojekte: Innenraumgestaltung Autopolsterei &amp; Oldtimer<\/p>\n","protected":false},"author":1,"featured_media":0,"parent":0,"menu_order":0,"comment_status":"closed","ping_status":"closed","template":"","meta":[],"_links":{"self":[{"href":"https:\/\/www.perlwitz-gmbh.de\/index.php?rest_route=\/wp\/v2\/pages\/31"}],"collection":[{"href":"https:\/\/www.perlwitz-gmbh.de\/index.php?rest_route=\/wp\/v2\/pages"}],"about":[{"href":"https:\/\/www.perlwitz-gmbh.de\/index.php?rest_route=\/wp\/v2\/types\/page"}],"author":[{"embeddable":true,"href":"https:\/\/www.perlwitz-gmbh.de\/index.php?rest_route=\/wp\/v2\/users\/1"}],"replies":[{"embeddable":true,"href":"https:\/\/www.perlwitz-gmbh.de\/index.php?rest_route=%2Fwp%2Fv2%2Fcomments&post=31"}],"version-history":[{"count":4,"href":"https:\/\/www.perlwitz-gmbh.de\/index.php?rest_route=\/wp\/v2\/pages\/31\/revisions"}],"predecessor-version":[{"id":192,"href":"https:\/\/www.perlwitz-gmbh.de\/index.php?rest_route=\/wp\/v2\/pages\/31\/revisions\/192"}],"wp:attachment":[{"href":"https:\/\/www.perlwitz-gmbh.de\/index.php?rest_route=%2Fwp%2Fv2%2Fmedia&parent=31"}],"curies":[{"name":"wp","href":"https:\/\/api.w.org\/{rel}","templated":true}]}}