{"id":33,"date":"2019-01-27T13:10:54","date_gmt":"2019-01-27T12:10:54","guid":{"rendered":"https:\/\/www.perlwitz-gmbh.de\/?page_id=33"},"modified":"2019-01-27T13:24:13","modified_gmt":"2019-01-27T12:24:13","slug":"leistungen","status":"publish","type":"page","link":"https:\/\/www.perlwitz-gmbh.de\/?page_id=33","title":{"rendered":"Leistungen"},"content":{"rendered":"\n<h1>Unsere Leistungen<\/h1>\n\n\n\n<p>Bei uns erhalten Sie alle Leistungen im Bereich der Raumausstattung aus einer Hand!&nbsp;<\/p>\n\n\n\n<p>Unser breites Leistungsspektrum umfasst neben der Raumgestaltung f\u00fcr den privaten Bereich nat\u00fcrlich auch die Inneneinrichtung f\u00fcr gewerbliche Objekte. Unter den folgenden Links erhalten Sie n\u00e4here Informationen zu den einzelnen Schwerpunkten:<\/p>\n\n\n\n<ul><li><a href=\"https:\/\/www.perlwitz-gmbh.de\/?page_id=25\">Raumausstattung<\/a><\/li><li><a href=\"https:\/\/www.perlwitz-gmbh.de\/?page_id=34\">Sonnenschutz<\/a><\/li><li><a href=\"https:\/\/www.perlwitz-gmbh.de\/?page_id=26\">Planen<\/a><\/li><li><a href=\"https:\/\/www.perlwitz-gmbh.de\/?page_id=27\">Polsterei<\/a><\/li><li><a href=\"https:\/\/www.perlwitz-gmbh.de\/?page_id=28\">Autosattlerei<\/a><\/li><\/ul>\n\n\n\n<p>Zu unserem Service geh\u00f6ren selbstverst\u00e4ndlich auch die Beratung, Aufma\u00dferstellung und fachgerechte Montage vor Ort!<br><br><\/p>\n\n\n\n<h2>Wohnraumberatung<\/h2>\n\n\n\n<p>Sie m\u00f6chten Ihren Wohnraum oder Arbeitsplatz neu gestalten und suchen nach einem kreativen Partner, der Ihnen individuelle Vorschl\u00e4ge erarbeitet und diese qualitativ hochwertig umsetzt?<\/p>\n\n\n\n<p>Dann sind Sie bei uns genau richtig! Ihr pers\u00f6nlicher Stil, Ihre Anforderungen und Vorstellungen stehen bei uns im Mittelpunkt. Dabei orientiert sich die Gestaltung der R\u00e4ume nat\u00fcrlich stets an Ihren Bed\u00fcrfnissen.<\/p>\n\n\n\n<p>Wir beraten Sie gerne bei der Umstrukturierung ihrer R\u00e4umlichkeiten, bei Material und Farbgestaltung oder bei dem Entwurf eines individuellen Einbaus oder M\u00f6bels. In allen Bereichen der Wohnraumgestaltung sind wir Ihr kompetenter Ansprechpartner. Wenn Sie Interesse an einem Beratungstermin haben, dann rufen Sie uns an oder nutzen Sie bequem unser\u00a0<a href=\"https:\/\/www.perlwitz-gmbh.de\/?page_id=69\">Kontaktformular<\/a>.<\/p>\n","protected":false},"excerpt":{"rendered":"<p>Unsere Leistungen Bei uns erhalten Sie alle Leistungen im Bereich der Raumausstattung aus einer Hand!&nbsp; Unser breites Leistungsspektrum umfasst neben der Raumgestaltung f\u00fcr den privaten Bereich nat\u00fcrlich auch die Inneneinrichtung f\u00fcr gewerbliche Objekte. Unter den folgenden Links erhalten Sie n\u00e4here Informationen zu den einzelnen Schwerpunkten: Raumausstattung Sonnenschutz Planen Polsterei Autosattlerei Zu unserem Service geh\u00f6ren selbstverst\u00e4ndlich &hellip; <\/p>\n<p class=\"link-more\"><a href=\"https:\/\/www.perlwitz-gmbh.de\/?page_id=33\" class=\"more-link\"><span class=\"screen-reader-text\">\u201eLeistungen\u201c<\/span> weiterlesen<\/a><\/p>\n","protected":false},"author":1,"featured_media":0,"parent":0,"menu_order":0,"comment_status":"closed","ping_status":"closed","template":"","meta":[],"_links":{"self":[{"href":"https:\/\/www.perlwitz-gmbh.de\/index.php?rest_route=\/wp\/v2\/pages\/33"}],"collection":[{"href":"https:\/\/www.perlwitz-gmbh.de\/index.php?rest_route=\/wp\/v2\/pages"}],"about":[{"href":"https:\/\/www.perlwitz-gmbh.de\/index.php?rest_route=\/wp\/v2\/types\/page"}],"author":[{"embeddable":true,"href":"https:\/\/www.perlwitz-gmbh.de\/index.php?rest_route=\/wp\/v2\/users\/1"}],"replies":[{"embeddable":true,"href":"https:\/\/www.perlwitz-gmbh.de\/index.php?rest_route=%2Fwp%2Fv2%2Fcomments&post=33"}],"version-history":[{"count":3,"href":"https:\/\/www.perlwitz-gmbh.de\/index.php?rest_route=\/wp\/v2\/pages\/33\/revisions"}],"predecessor-version":[{"id":95,"href":"https:\/\/www.perlwitz-gmbh.de\/index.php?rest_route=\/wp\/v2\/pages\/33\/revisions\/95"}],"wp:attachment":[{"href":"https:\/\/www.perlwitz-gmbh.de\/index.php?rest_route=%2Fwp%2Fv2%2Fmedia&parent=33"}],"curies":[{"name":"wp","href":"https:\/\/api.w.org\/{rel}","templated":true}]}}