{"id":34,"date":"2019-01-27T13:10:54","date_gmt":"2019-01-27T12:10:54","guid":{"rendered":"https:\/\/www.perlwitz-gmbh.de\/?page_id=34"},"modified":"2019-01-29T15:53:05","modified_gmt":"2019-01-29T14:53:05","slug":"sonnenschutz","status":"publish","type":"page","link":"https:\/\/www.perlwitz-gmbh.de\/?page_id=34","title":{"rendered":"Sonnenschutz"},"content":{"rendered":"\n<ul class=\"is-layout-flex wp-block-gallery-1 wp-block-gallery columns-3 is-cropped\"><li class=\"blocks-gallery-item\"><figure><img decoding=\"async\" loading=\"lazy\" width=\"640\" height=\"480\" src=\"https:\/\/www.perlwitz-gmbh.de\/wp-content\/uploads\/2019\/01\/Fa._Perlwitz_001__2_-1.jpg\" alt=\"\" data-id=\"218\" data-link=\"https:\/\/www.perlwitz-gmbh.de\/?attachment_id=218\" class=\"wp-image-218\" srcset=\"https:\/\/www.perlwitz-gmbh.de\/wp-content\/uploads\/2019\/01\/Fa._Perlwitz_001__2_-1.jpg 640w, https:\/\/www.perlwitz-gmbh.de\/wp-content\/uploads\/2019\/01\/Fa._Perlwitz_001__2_-1-300x225.jpg 300w\" sizes=\"(max-width: 640px) 100vw, 640px\" \/><\/figure><\/li><li class=\"blocks-gallery-item\"><figure><img decoding=\"async\" loading=\"lazy\" width=\"768\" height=\"512\" src=\"https:\/\/www.perlwitz-gmbh.de\/wp-content\/uploads\/2019\/01\/085-768x512-1.jpg\" alt=\"\" data-id=\"219\" data-link=\"https:\/\/www.perlwitz-gmbh.de\/?attachment_id=219\" class=\"wp-image-219\" srcset=\"https:\/\/www.perlwitz-gmbh.de\/wp-content\/uploads\/2019\/01\/085-768x512-1.jpg 768w, https:\/\/www.perlwitz-gmbh.de\/wp-content\/uploads\/2019\/01\/085-768x512-1-300x200.jpg 300w\" sizes=\"(max-width: 767px) 89vw, (max-width: 1000px) 54vw, (max-width: 1071px) 543px, 580px\" \/><\/figure><\/li><li class=\"blocks-gallery-item\"><figure><img decoding=\"async\" loading=\"lazy\" width=\"800\" height=\"533\" src=\"https:\/\/www.perlwitz-gmbh.de\/wp-content\/uploads\/2019\/01\/DSC00483.jpg\" alt=\"\" data-id=\"243\" data-link=\"https:\/\/www.perlwitz-gmbh.de\/?attachment_id=243\" class=\"wp-image-243\" srcset=\"https:\/\/www.perlwitz-gmbh.de\/wp-content\/uploads\/2019\/01\/DSC00483.jpg 800w, https:\/\/www.perlwitz-gmbh.de\/wp-content\/uploads\/2019\/01\/DSC00483-300x200.jpg 300w, https:\/\/www.perlwitz-gmbh.de\/wp-content\/uploads\/2019\/01\/DSC00483-768x512.jpg 768w\" sizes=\"(max-width: 767px) 89vw, (max-width: 1000px) 54vw, (max-width: 1071px) 543px, 580px\" \/><\/figure><\/li><li class=\"blocks-gallery-item\"><figure><img decoding=\"async\" loading=\"lazy\" width=\"800\" height=\"533\" src=\"https:\/\/www.perlwitz-gmbh.de\/wp-content\/uploads\/2019\/01\/DSC00484.jpg\" alt=\"\" data-id=\"244\" data-link=\"https:\/\/www.perlwitz-gmbh.de\/?attachment_id=244\" class=\"wp-image-244\" srcset=\"https:\/\/www.perlwitz-gmbh.de\/wp-content\/uploads\/2019\/01\/DSC00484.jpg 800w, https:\/\/www.perlwitz-gmbh.de\/wp-content\/uploads\/2019\/01\/DSC00484-300x200.jpg 300w, https:\/\/www.perlwitz-gmbh.de\/wp-content\/uploads\/2019\/01\/DSC00484-768x512.jpg 768w\" sizes=\"(max-width: 767px) 89vw, (max-width: 1000px) 54vw, (max-width: 1071px) 543px, 580px\" \/><\/figure><\/li><li class=\"blocks-gallery-item\"><figure><img decoding=\"async\" loading=\"lazy\" width=\"800\" height=\"533\" src=\"https:\/\/www.perlwitz-gmbh.de\/wp-content\/uploads\/2019\/01\/DSC00486.jpg\" alt=\"\" data-id=\"245\" data-link=\"https:\/\/www.perlwitz-gmbh.de\/?attachment_id=245\" class=\"wp-image-245\" srcset=\"https:\/\/www.perlwitz-gmbh.de\/wp-content\/uploads\/2019\/01\/DSC00486.jpg 800w, https:\/\/www.perlwitz-gmbh.de\/wp-content\/uploads\/2019\/01\/DSC00486-300x200.jpg 300w, https:\/\/www.perlwitz-gmbh.de\/wp-content\/uploads\/2019\/01\/DSC00486-768x512.jpg 768w\" sizes=\"(max-width: 767px) 89vw, (max-width: 1000px) 54vw, (max-width: 1071px) 543px, 580px\" \/><\/figure><\/li><li class=\"blocks-gallery-item\"><figure><img decoding=\"async\" loading=\"lazy\" width=\"800\" height=\"533\" src=\"https:\/\/www.perlwitz-gmbh.de\/wp-content\/uploads\/2019\/01\/DSC00489.jpg\" alt=\"\" data-id=\"246\" data-link=\"https:\/\/www.perlwitz-gmbh.de\/?attachment_id=246\" class=\"wp-image-246\" srcset=\"https:\/\/www.perlwitz-gmbh.de\/wp-content\/uploads\/2019\/01\/DSC00489.jpg 800w, https:\/\/www.perlwitz-gmbh.de\/wp-content\/uploads\/2019\/01\/DSC00489-300x200.jpg 300w, https:\/\/www.perlwitz-gmbh.de\/wp-content\/uploads\/2019\/01\/DSC00489-768x512.jpg 768w\" sizes=\"(max-width: 767px) 89vw, (max-width: 1000px) 54vw, (max-width: 1071px) 543px, 580px\" \/><\/figure><\/li><li class=\"blocks-gallery-item\"><figure><img decoding=\"async\" loading=\"lazy\" width=\"800\" height=\"533\" src=\"https:\/\/www.perlwitz-gmbh.de\/wp-content\/uploads\/2019\/01\/DSC00499.jpg\" alt=\"\" data-id=\"248\" data-link=\"https:\/\/www.perlwitz-gmbh.de\/?attachment_id=248\" class=\"wp-image-248\" srcset=\"https:\/\/www.perlwitz-gmbh.de\/wp-content\/uploads\/2019\/01\/DSC00499.jpg 800w, https:\/\/www.perlwitz-gmbh.de\/wp-content\/uploads\/2019\/01\/DSC00499-300x200.jpg 300w, https:\/\/www.perlwitz-gmbh.de\/wp-content\/uploads\/2019\/01\/DSC00499-768x512.jpg 768w\" sizes=\"(max-width: 767px) 89vw, (max-width: 1000px) 54vw, (max-width: 1071px) 543px, 580px\" \/><\/figure><\/li><li class=\"blocks-gallery-item\"><figure><img decoding=\"async\" loading=\"lazy\" width=\"800\" height=\"533\" src=\"https:\/\/www.perlwitz-gmbh.de\/wp-content\/uploads\/2019\/01\/DSC00496.jpg\" alt=\"\" data-id=\"249\" data-link=\"https:\/\/www.perlwitz-gmbh.de\/?attachment_id=249\" class=\"wp-image-249\" srcset=\"https:\/\/www.perlwitz-gmbh.de\/wp-content\/uploads\/2019\/01\/DSC00496.jpg 800w, https:\/\/www.perlwitz-gmbh.de\/wp-content\/uploads\/2019\/01\/DSC00496-300x200.jpg 300w, https:\/\/www.perlwitz-gmbh.de\/wp-content\/uploads\/2019\/01\/DSC00496-768x512.jpg 768w\" sizes=\"(max-width: 767px) 89vw, (max-width: 1000px) 54vw, (max-width: 1071px) 543px, 580px\" \/><\/figure><\/li><li class=\"blocks-gallery-item\"><figure><img decoding=\"async\" loading=\"lazy\" width=\"800\" height=\"533\" src=\"https:\/\/www.perlwitz-gmbh.de\/wp-content\/uploads\/2019\/01\/DSC00495.jpg\" alt=\"\" data-id=\"250\" data-link=\"https:\/\/www.perlwitz-gmbh.de\/?attachment_id=250\" class=\"wp-image-250\" srcset=\"https:\/\/www.perlwitz-gmbh.de\/wp-content\/uploads\/2019\/01\/DSC00495.jpg 800w, https:\/\/www.perlwitz-gmbh.de\/wp-content\/uploads\/2019\/01\/DSC00495-300x200.jpg 300w, https:\/\/www.perlwitz-gmbh.de\/wp-content\/uploads\/2019\/01\/DSC00495-768x512.jpg 768w\" sizes=\"(max-width: 767px) 89vw, (max-width: 1000px) 54vw, (max-width: 1071px) 543px, 580px\" \/><\/figure><\/li><li class=\"blocks-gallery-item\"><figure><img decoding=\"async\" loading=\"lazy\" width=\"1024\" height=\"768\" src=\"https:\/\/www.perlwitz-gmbh.de\/wp-content\/uploads\/2019\/01\/DSC00446-1024x768.jpg\" alt=\"\" data-id=\"252\" data-link=\"https:\/\/www.perlwitz-gmbh.de\/?attachment_id=252\" class=\"wp-image-252\" srcset=\"https:\/\/www.perlwitz-gmbh.de\/wp-content\/uploads\/2019\/01\/DSC00446-1024x768.jpg 1024w, https:\/\/www.perlwitz-gmbh.de\/wp-content\/uploads\/2019\/01\/DSC00446-300x225.jpg 300w, https:\/\/www.perlwitz-gmbh.de\/wp-content\/uploads\/2019\/01\/DSC00446-768x576.jpg 768w\" sizes=\"(max-width: 767px) 89vw, (max-width: 1000px) 54vw, (max-width: 1071px) 543px, 580px\" \/><\/figure><\/li><\/ul>\n\n\n\n<p>Wir produzieren, vertreiben &amp; montieren Lamellenvorhanganlagen &amp; bieten selbstverst\u00e4ndlich den dazugeh\u00f6rigen Vollservice!&nbsp;<br>Das hei\u00dft f\u00fcr Sie, alles rund um den Sonnenschutz bekommen Sie aus einer Hand bei der Perlwitz GmbH in Niederjesar!<br><br><\/p>\n\n\n\n<p>Im Bereich Sonnenschutz entwickeln wir gemeinsam mit Ihnen individuelle L\u00f6sungen. Dabei haben Sie beispielsweise die M\u00f6glichkeit, zwischen\u2026<\/p>\n\n\n\n<ul><li>Rollos<\/li><li>Plissees<\/li><li>Jalousien<\/li><li>Vertikal-Lamellen<\/li><li>Sonnensegel<\/li><li>Sonnend\u00e4cher<\/li><\/ul>\n\n\n\n<p>&#8230;zu w\u00e4hlen. Nat\u00fcrlich verwenden wir nur qualitativ hochwertige Materialien und legen \u00e4u\u00dfersten Wert auf eine fachgerechte Montage.<\/p>\n\n\n\n<p>Dar\u00fcber hinaus bieten wir ihnen auch L\u00f6sungen in den folgenden Bereichen an:<\/p>\n\n\n\n<ul><li>Sonnenschutz f\u00fcr Winterg\u00e4rten<\/li><li>Sonnenschutz f\u00fcr Dachfenster<\/li><li>Au\u00dfenmarkisen<\/li><li>Insektenschutz<\/li><li>Rollladenarbeiten<br><\/li><\/ul>\n\n\n\n<h2>Rollladenarbeiten<\/h2>\n\n\n\n<p>Wir bieten den fachgerechten Einbau von Roll\u00e4den nach DIN 18358. Nutzen Sie bequem unser&nbsp;<a href=\"https:\/\/www.perlwitz-gmbh.de\/?page_id=69\">Kontaktformular<\/a>, um einen Beratungstermin mit uns zu vereinbaren!<\/p>\n","protected":false},"excerpt":{"rendered":"<p>Wir produzieren, vertreiben &amp; montieren Lamellenvorhanganlagen &amp; bieten selbstverst\u00e4ndlich den dazugeh\u00f6rigen Vollservice!&nbsp;Das hei\u00dft f\u00fcr Sie, alles rund um den Sonnenschutz bekommen Sie aus einer Hand bei der Perlwitz GmbH in Niederjesar! Im Bereich Sonnenschutz entwickeln wir gemeinsam mit Ihnen individuelle L\u00f6sungen. Dabei haben Sie beispielsweise die M\u00f6glichkeit, zwischen\u2026 Rollos Plissees Jalousien Vertikal-Lamellen Sonnensegel Sonnend\u00e4cher &#8230;zu &hellip; <\/p>\n<p class=\"link-more\"><a href=\"https:\/\/www.perlwitz-gmbh.de\/?page_id=34\" class=\"more-link\"><span class=\"screen-reader-text\">\u201eSonnenschutz\u201c<\/span> weiterlesen<\/a><\/p>\n","protected":false},"author":1,"featured_media":0,"parent":0,"menu_order":0,"comment_status":"closed","ping_status":"closed","template":"","meta":[],"_links":{"self":[{"href":"https:\/\/www.perlwitz-gmbh.de\/index.php?rest_route=\/wp\/v2\/pages\/34"}],"collection":[{"href":"https:\/\/www.perlwitz-gmbh.de\/index.php?rest_route=\/wp\/v2\/pages"}],"about":[{"href":"https:\/\/www.perlwitz-gmbh.de\/index.php?rest_route=\/wp\/v2\/types\/page"}],"author":[{"embeddable":true,"href":"https:\/\/www.perlwitz-gmbh.de\/index.php?rest_route=\/wp\/v2\/users\/1"}],"replies":[{"embeddable":true,"href":"https:\/\/www.perlwitz-gmbh.de\/index.php?rest_route=%2Fwp%2Fv2%2Fcomments&post=34"}],"version-history":[{"count":6,"href":"https:\/\/www.perlwitz-gmbh.de\/index.php?rest_route=\/wp\/v2\/pages\/34\/revisions"}],"predecessor-version":[{"id":253,"href":"https:\/\/www.perlwitz-gmbh.de\/index.php?rest_route=\/wp\/v2\/pages\/34\/revisions\/253"}],"wp:attachment":[{"href":"https:\/\/www.perlwitz-gmbh.de\/index.php?rest_route=%2Fwp%2Fv2%2Fmedia&parent=34"}],"curies":[{"name":"wp","href":"https:\/\/api.w.org\/{rel}","templated":true}]}}