{"id":70,"date":"2019-01-27T13:15:16","date_gmt":"2019-01-27T12:15:16","guid":{"rendered":"https:\/\/www.perlwitz-gmbh.de\/?page_id=70"},"modified":"2019-01-29T16:12:53","modified_gmt":"2019-01-29T15:12:53","slug":"hersteller-weblinks","status":"publish","type":"page","link":"https:\/\/www.perlwitz-gmbh.de\/?page_id=70","title":{"rendered":"Hersteller-Weblinks"},"content":{"rendered":"\n<h1>Unsere Produkte<\/h1>\n\n\n\n<p>Um qualitativ anspruchsvolle Arbeit zu verrichten, ben\u00f6tigt man qualitativ hochwertige Produkte und Materialien. Deshalb verwenden wir ausschlie\u00dflich originale Produkte namhafter Hersteller.<\/p>\n\n\n\n<p>Unser Anspruch ist es, stets handwerkliche Spitzenqualit\u00e4t &nbsp;zu leisten, und diese k\u00f6nnen wir nur gew\u00e4hren, wenn wir entsprechende Materialien verwenden.<\/p>\n\n\n\n<p>Aus diesem Grund darf bei den Materialien nicht gespart werden. Hier finden Sie eine Auswahl unserer Produkte.<\/p>\n\n\n\n<h1>Unsere Produktpartner<\/h1>\n\n\n\n<p>Eine Auswahl unserer Lieferanten finden Sie hier:<\/p>\n\n\n\n<div class=\"wp-block-image\"><figure class=\"aligncenter\"><a href=\"https:\/\/www.novahueppe.de\/\" target=\"_blank\" rel=\"noreferrer noopener\"><img decoding=\"async\" loading=\"lazy\" width=\"1024\" height=\"447\" src=\"https:\/\/www.perlwitz-gmbh.de\/wp-content\/uploads\/2019\/01\/photo-1024x447.jpg\" alt=\"\" class=\"wp-image-257\" srcset=\"https:\/\/www.perlwitz-gmbh.de\/wp-content\/uploads\/2019\/01\/photo-1024x447.jpg 1024w, https:\/\/www.perlwitz-gmbh.de\/wp-content\/uploads\/2019\/01\/photo-300x131.jpg 300w, https:\/\/www.perlwitz-gmbh.de\/wp-content\/uploads\/2019\/01\/photo-768x336.jpg 768w, https:\/\/www.perlwitz-gmbh.de\/wp-content\/uploads\/2019\/01\/photo.jpg 1181w\" sizes=\"(max-width: 767px) 89vw, (max-width: 1000px) 54vw, (max-width: 1071px) 543px, 580px\" \/><\/a><\/figure><\/div>\n\n\n\n<div class=\"wp-block-image\"><figure class=\"aligncenter\"><a href=\"https:\/\/www.erfal.de\/\" target=\"_blank\" rel=\"noreferrer noopener\"><img decoding=\"async\" loading=\"lazy\" width=\"498\" height=\"134\" src=\"https:\/\/www.perlwitz-gmbh.de\/wp-content\/uploads\/2019\/01\/photo.png\" alt=\"\" class=\"wp-image-259\" srcset=\"https:\/\/www.perlwitz-gmbh.de\/wp-content\/uploads\/2019\/01\/photo.png 498w, https:\/\/www.perlwitz-gmbh.de\/wp-content\/uploads\/2019\/01\/photo-300x81.png 300w\" sizes=\"(max-width: 498px) 100vw, 498px\" \/><\/a><\/figure><\/div>\n\n\n\n<div class=\"wp-block-image\"><figure class=\"aligncenter\"><a href=\"https:\/\/www.fries24.de\/\" target=\"_blank\" rel=\"noreferrer noopener\"><img decoding=\"async\" loading=\"lazy\" width=\"1024\" height=\"241\" src=\"https:\/\/www.perlwitz-gmbh.de\/wp-content\/uploads\/2019\/01\/photo-1-1-1024x241.jpg\" alt=\"\" class=\"wp-image-260\" srcset=\"https:\/\/www.perlwitz-gmbh.de\/wp-content\/uploads\/2019\/01\/photo-1-1-1024x241.jpg 1024w, https:\/\/www.perlwitz-gmbh.de\/wp-content\/uploads\/2019\/01\/photo-1-1-300x71.jpg 300w, https:\/\/www.perlwitz-gmbh.de\/wp-content\/uploads\/2019\/01\/photo-1-1-768x181.jpg 768w, https:\/\/www.perlwitz-gmbh.de\/wp-content\/uploads\/2019\/01\/photo-1-1.jpg 1181w\" sizes=\"(max-width: 767px) 89vw, (max-width: 1000px) 54vw, (max-width: 1071px) 543px, 580px\" \/><\/a><\/figure><\/div>\n\n\n\n<div class=\"wp-block-image\"><figure class=\"aligncenter\"><a href=\"http:\/\/www.heytex.com\/\" target=\"_blank\" rel=\"noreferrer noopener\"><img decoding=\"async\" loading=\"lazy\" width=\"803\" height=\"426\" src=\"https:\/\/www.perlwitz-gmbh.de\/wp-content\/uploads\/2019\/01\/photo-1.png\" alt=\"\" class=\"wp-image-261\" srcset=\"https:\/\/www.perlwitz-gmbh.de\/wp-content\/uploads\/2019\/01\/photo-1.png 803w, https:\/\/www.perlwitz-gmbh.de\/wp-content\/uploads\/2019\/01\/photo-1-300x159.png 300w, https:\/\/www.perlwitz-gmbh.de\/wp-content\/uploads\/2019\/01\/photo-1-768x407.png 768w\" sizes=\"(max-width: 767px) 89vw, (max-width: 1000px) 54vw, (max-width: 1071px) 543px, 580px\" \/><\/a><\/figure><\/div>\n\n\n\n<div class=\"wp-block-image\"><figure class=\"aligncenter\"><a href=\"https:\/\/www.sioen.com\/\" rel=\"https:\/\/www.sioen.com\/\"><img decoding=\"async\" loading=\"lazy\" width=\"1024\" height=\"330\" src=\"https:\/\/www.perlwitz-gmbh.de\/wp-content\/uploads\/2019\/01\/photo-2-1024x330.jpg\" alt=\"\" class=\"wp-image-262\" srcset=\"https:\/\/www.perlwitz-gmbh.de\/wp-content\/uploads\/2019\/01\/photo-2-1024x330.jpg 1024w, https:\/\/www.perlwitz-gmbh.de\/wp-content\/uploads\/2019\/01\/photo-2-300x97.jpg 300w, https:\/\/www.perlwitz-gmbh.de\/wp-content\/uploads\/2019\/01\/photo-2-768x248.jpg 768w, https:\/\/www.perlwitz-gmbh.de\/wp-content\/uploads\/2019\/01\/photo-2.jpg 1200w\" sizes=\"(max-width: 767px) 89vw, (max-width: 1000px) 54vw, (max-width: 1071px) 543px, 580px\" \/><\/a><\/figure><\/div>\n\n\n\n<div class=\"wp-block-image\"><figure class=\"aligncenter\"><a href=\"https:\/\/www.wineo.de\/\" rel=\"https:\/\/www.wineo.de\/\"><img decoding=\"async\" loading=\"lazy\" width=\"1000\" height=\"513\" src=\"https:\/\/www.perlwitz-gmbh.de\/wp-content\/uploads\/2019\/01\/photo-2.png\" alt=\"\" class=\"wp-image-263\" srcset=\"https:\/\/www.perlwitz-gmbh.de\/wp-content\/uploads\/2019\/01\/photo-2.png 1000w, https:\/\/www.perlwitz-gmbh.de\/wp-content\/uploads\/2019\/01\/photo-2-300x154.png 300w, https:\/\/www.perlwitz-gmbh.de\/wp-content\/uploads\/2019\/01\/photo-2-768x394.png 768w\" sizes=\"(max-width: 767px) 89vw, (max-width: 1000px) 54vw, (max-width: 1071px) 543px, 580px\" \/><\/a><\/figure><\/div>\n\n\n\n<div class=\"wp-block-image\"><figure class=\"aligncenter\"><a href=\"https:\/\/www.eurocol.nl\/\" target=\"_blank\" rel=\"https:\/\/www.eurocol.nl\/\"><img decoding=\"async\" loading=\"lazy\" width=\"945\" height=\"236\" src=\"https:\/\/www.perlwitz-gmbh.de\/wp-content\/uploads\/2019\/01\/photo-3.png\" alt=\"\" class=\"wp-image-264\" srcset=\"https:\/\/www.perlwitz-gmbh.de\/wp-content\/uploads\/2019\/01\/photo-3.png 945w, https:\/\/www.perlwitz-gmbh.de\/wp-content\/uploads\/2019\/01\/photo-3-300x75.png 300w, https:\/\/www.perlwitz-gmbh.de\/wp-content\/uploads\/2019\/01\/photo-3-768x192.png 768w\" sizes=\"(max-width: 767px) 89vw, (max-width: 1000px) 54vw, (max-width: 1071px) 543px, 580px\" \/><\/a><\/figure><\/div>\n\n\n\n<div class=\"wp-block-image\"><figure class=\"aligncenter\"><a href=\"https:\/\/www.tarkett.de\/\" rel=\"https:\/\/www.tarkett.de\/\"><img decoding=\"async\" loading=\"lazy\" width=\"1000\" height=\"166\" src=\"https:\/\/www.perlwitz-gmbh.de\/wp-content\/uploads\/2019\/01\/photo-4.jpg\" alt=\"\" class=\"wp-image-265\" srcset=\"https:\/\/www.perlwitz-gmbh.de\/wp-content\/uploads\/2019\/01\/photo-4.jpg 1000w, https:\/\/www.perlwitz-gmbh.de\/wp-content\/uploads\/2019\/01\/photo-4-300x50.jpg 300w, https:\/\/www.perlwitz-gmbh.de\/wp-content\/uploads\/2019\/01\/photo-4-768x127.jpg 768w\" sizes=\"(max-width: 767px) 89vw, (max-width: 1000px) 54vw, (max-width: 1071px) 543px, 580px\" \/><\/a><\/figure><\/div>\n\n\n\n<div class=\"wp-block-image\"><figure class=\"aligncenter\"><a href=\"https:\/\/www.forbo-flooring.de\/\" rel=\"https:\/\/www.forbo-flooring.de\/\"><img decoding=\"async\" loading=\"lazy\" width=\"1000\" height=\"426\" src=\"https:\/\/www.perlwitz-gmbh.de\/wp-content\/uploads\/2019\/01\/photo-5.jpg\" alt=\"\" class=\"wp-image-267\" srcset=\"https:\/\/www.perlwitz-gmbh.de\/wp-content\/uploads\/2019\/01\/photo-5.jpg 1000w, https:\/\/www.perlwitz-gmbh.de\/wp-content\/uploads\/2019\/01\/photo-5-300x128.jpg 300w, https:\/\/www.perlwitz-gmbh.de\/wp-content\/uploads\/2019\/01\/photo-5-768x327.jpg 768w\" sizes=\"(max-width: 767px) 89vw, (max-width: 1000px) 54vw, (max-width: 1071px) 543px, 580px\" \/><\/a><\/figure><\/div>\n\n\n\n<div class=\"wp-block-image\"><figure class=\"aligncenter\"><a href=\"https:\/\/www.decowindow.de\/\" rel=\"https:\/\/www.decowindow.de\/\"><img decoding=\"async\" loading=\"lazy\" width=\"849\" height=\"166\" src=\"https:\/\/www.perlwitz-gmbh.de\/wp-content\/uploads\/2019\/01\/photo-6.jpg\" alt=\"\" class=\"wp-image-268\" srcset=\"https:\/\/www.perlwitz-gmbh.de\/wp-content\/uploads\/2019\/01\/photo-6.jpg 849w, https:\/\/www.perlwitz-gmbh.de\/wp-content\/uploads\/2019\/01\/photo-6-300x59.jpg 300w, https:\/\/www.perlwitz-gmbh.de\/wp-content\/uploads\/2019\/01\/photo-6-768x150.jpg 768w\" sizes=\"(max-width: 767px) 89vw, (max-width: 1000px) 54vw, (max-width: 1071px) 543px, 580px\" \/><\/a><\/figure><\/div>\n\n\n\n<div class=\"wp-block-image\"><figure class=\"aligncenter\"><a href=\"https:\/\/www.wuerth.de\/\" rel=\"https:\/\/www.wuerth.de\/\"><img decoding=\"async\" loading=\"lazy\" width=\"909\" height=\"334\" src=\"https:\/\/www.perlwitz-gmbh.de\/wp-content\/uploads\/2019\/01\/photo-7.jpg\" alt=\"\" class=\"wp-image-269\" srcset=\"https:\/\/www.perlwitz-gmbh.de\/wp-content\/uploads\/2019\/01\/photo-7.jpg 909w, https:\/\/www.perlwitz-gmbh.de\/wp-content\/uploads\/2019\/01\/photo-7-300x110.jpg 300w, https:\/\/www.perlwitz-gmbh.de\/wp-content\/uploads\/2019\/01\/photo-7-768x282.jpg 768w\" sizes=\"(max-width: 767px) 89vw, (max-width: 1000px) 54vw, (max-width: 1071px) 543px, 580px\" \/><\/a><\/figure><\/div>\n\n\n\n<div class=\"wp-block-image\"><figure class=\"aligncenter\"><a href=\"https:\/\/www.hometrend.de\/\" rel=\"https:\/\/www.hometrend.de\/\"><img decoding=\"async\" loading=\"lazy\" width=\"1024\" height=\"241\" src=\"https:\/\/www.perlwitz-gmbh.de\/wp-content\/uploads\/2019\/01\/photo-8-1024x241.jpg\" alt=\"\" class=\"wp-image-270\" srcset=\"https:\/\/www.perlwitz-gmbh.de\/wp-content\/uploads\/2019\/01\/photo-8-1024x241.jpg 1024w, https:\/\/www.perlwitz-gmbh.de\/wp-content\/uploads\/2019\/01\/photo-8-300x71.jpg 300w, https:\/\/www.perlwitz-gmbh.de\/wp-content\/uploads\/2019\/01\/photo-8-768x180.jpg 768w, https:\/\/www.perlwitz-gmbh.de\/wp-content\/uploads\/2019\/01\/photo-8.jpg 1200w\" sizes=\"(max-width: 767px) 89vw, (max-width: 1000px) 54vw, (max-width: 1071px) 543px, 580px\" \/><\/a><\/figure><\/div>\n\n\n\n<div class=\"wp-block-image\"><figure class=\"aligncenter is-resized\"><a href=\"https:\/\/www.velux.de\/\" rel=\"https:\/\/www.velux.de\/\"><img decoding=\"async\" loading=\"lazy\" src=\"https:\/\/www.perlwitz-gmbh.de\/wp-content\/uploads\/2019\/01\/photo-9.jpg\" alt=\"\" class=\"wp-image-271\" width=\"450\" height=\"150\"\/><\/a><\/figure><\/div>\n","protected":false},"excerpt":{"rendered":"<p>Unsere Produkte Um qualitativ anspruchsvolle Arbeit zu verrichten, ben\u00f6tigt man qualitativ hochwertige Produkte und Materialien. Deshalb verwenden wir ausschlie\u00dflich originale Produkte namhafter Hersteller. Unser Anspruch ist es, stets handwerkliche Spitzenqualit\u00e4t &nbsp;zu leisten, und diese k\u00f6nnen wir nur gew\u00e4hren, wenn wir entsprechende Materialien verwenden. Aus diesem Grund darf bei den Materialien nicht gespart werden. Hier finden &hellip; <\/p>\n<p class=\"link-more\"><a href=\"https:\/\/www.perlwitz-gmbh.de\/?page_id=70\" class=\"more-link\"><span class=\"screen-reader-text\">\u201eHersteller-Weblinks\u201c<\/span> weiterlesen<\/a><\/p>\n","protected":false},"author":1,"featured_media":0,"parent":0,"menu_order":0,"comment_status":"closed","ping_status":"closed","template":"","meta":[],"_links":{"self":[{"href":"https:\/\/www.perlwitz-gmbh.de\/index.php?rest_route=\/wp\/v2\/pages\/70"}],"collection":[{"href":"https:\/\/www.perlwitz-gmbh.de\/index.php?rest_route=\/wp\/v2\/pages"}],"about":[{"href":"https:\/\/www.perlwitz-gmbh.de\/index.php?rest_route=\/wp\/v2\/types\/page"}],"author":[{"embeddable":true,"href":"https:\/\/www.perlwitz-gmbh.de\/index.php?rest_route=\/wp\/v2\/users\/1"}],"replies":[{"embeddable":true,"href":"https:\/\/www.perlwitz-gmbh.de\/index.php?rest_route=%2Fwp%2Fv2%2Fcomments&post=70"}],"version-history":[{"count":14,"href":"https:\/\/www.perlwitz-gmbh.de\/index.php?rest_route=\/wp\/v2\/pages\/70\/revisions"}],"predecessor-version":[{"id":282,"href":"https:\/\/www.perlwitz-gmbh.de\/index.php?rest_route=\/wp\/v2\/pages\/70\/revisions\/282"}],"wp:attachment":[{"href":"https:\/\/www.perlwitz-gmbh.de\/index.php?rest_route=%2Fwp%2Fv2%2Fmedia&parent=70"}],"curies":[{"name":"wp","href":"https:\/\/api.w.org\/{rel}","templated":true}]}}