{"id":73,"date":"2019-01-27T13:15:16","date_gmt":"2019-01-27T12:15:16","guid":{"rendered":"https:\/\/www.perlwitz-gmbh.de\/?page_id=73"},"modified":"2019-01-29T16:44:20","modified_gmt":"2019-01-29T15:44:20","slug":"impressum","status":"publish","type":"page","link":"https:\/\/www.perlwitz-gmbh.de\/?page_id=73","title":{"rendered":"Impressum"},"content":{"rendered":"\n<p style=\"text-align:left\">Perlwitz GmbH<br>Guido Perlwitz<\/p>\n\n\n\n<h3>Kontaktdaten:<\/h3>\n\n\n\n<table class=\"wp-block-table\"><tbody><tr><td>Anschrift:&nbsp;<\/td><td>Ernst-Th\u00e4lmann-Str. 18<br>15306 Fichtenh\u00f6he OT Niederjesar<\/td><\/tr><tr><td>Telefon:<\/td><td>+49 33602 6144<\/td><\/tr><tr><td>Fax:<\/td><td>+49 33602 2838<\/td><\/tr><tr><td>E-Mail:<\/td><td>info@perlwitz-gmbh.de<\/td><\/tr><\/tbody><\/table>\n\n\n\n<h3>Umsatzsteuer-Identifikationsnummer:<\/h3>\n\n\n\n<p>138998038<\/p>\n\n\n\n<h3>Register &amp; Registernummer:<\/h3>\n\n\n\n<p>Amtsgericht Frankfurt (Oder)<br>HRB 90<\/p>\n\n\n\n<h3>Aufsichtsbeh\u00f6rde:<\/h3>\n\n\n\n<p>Handwerkskammer Frankfurt (Oder)<\/p>\n\n\n\n<h3>Verantwortlicher \/ Verantwortliche f\u00fcr journalistisch-redaktionelle Texte:<\/h3>\n\n\n\n<p>Guido Perlwitz<\/p>\n\n\n\n<h3>Plattform der EU-Kommission zur Online-Streitbeilegung:<\/h3>\n\n\n\n<p><a href=\"http:\/\/www.ec.europa.eu\/consumers\/odr\" target=\"_blank\" rel=\"noreferrer noopener\">www.ec.europa.eu\/consumers\/odr<\/a><\/p>\n\n\n\n<p><\/p>\n\n\n\n<h2>Datenschutz\u00aderkl\u00e4rung<\/h2>\n\n\n\n<p>Wir sind uns dar\u00fcber bewusst, dass Ihnen der Schutz Ihrer Privatsph\u00e4re bei der Benutzung unserer Website ein wichtiges Anliegen ist. Wir nehmen den Schutz Ihrer pers\u00f6nlichen Daten sehr ernst. Deshalb m\u00f6chten wir, dass Sie wissen, wann wir welche Daten speichern und wie wir sie verwenden. Wir m\u00f6chten Sie mit dieser Datenschutzerkl\u00e4rung \u00fcber unsere Ma\u00dfnahmen zum Datenschutz in Kenntnis setzen.<\/p>\n\n\n\n<h3>Erhebung personenbezogener Daten<\/h3>\n\n\n\n<p>Im Folgenden informieren wir \u00fcber die Erhebung personenbezogener Daten bei Nutzung unserer Website. Personenbezogene Daten sind alle Daten, die direkt oder indirekt auf Sie pers\u00f6nlich beziehbar sind, z. B. Name, Adresse, E-Mail-Adressen, Nutzerverhalten.&nbsp;<br>Wir verarbeiten Daten gem\u00e4\u00df DS-GVO Art. 6 Abs. 1 lit. a) b) c) f). Das bedeutet, dass wir personenbezogene Daten nur verarbeiten, wenn eine Einwilligung vorliegt (lit. a), soweit zur Erf\u00fcllung eines Vertrages oder vorvertraglicher Ma\u00dfnahmen erforderlich (lit. b), wir rechtlich dazu verpflichtet sind (lit. c) oder wir ein berechtigtes Interesse an der Verarbeitung haben (lit. f). Die entsprechende Rechtsgrundlage wird im Einzelfall benannt.&nbsp;<br>Bei Ihrer Kontaktaufnahme mit uns per E-Mail oder \u00fcber ein Kontaktformular werden die von Ihnen mitgeteilten Daten (Ihre E-Mail-Adresse, ggf. Ihr Name und Ihre Telefonnummer) von uns gespeichert, um Ihre Fragen zu beantworten. Die in diesem Zusammenhang anfallenden Daten l\u00f6schen wir, nachdem der Zweck der Anfrage entfallen ist. Je nach Art der Anfrage erheben wir diese Daten mit Ihrer ausdr\u00fccklichen Einwilligung gem. Art. 6 Abs. 1 lit. a) DSGVO, zur Abwicklung und Erf\u00fcllung eines Vertrages oder vorvertraglicher Ma\u00dfnahmen gem. Art. 6 Abs. 1 lit. b) DS-GVO oder bei einem berechtigten Interesse gem. Art. 6 Abs. 1 lit. f) DSGVO. Das berechtigte Interesse liegt dabei darin, Anfragen zu beantworten und \u00fcber unsere Produkte und Dienstleistungen zu informieren.&nbsp;<br>Bei der ausschlie\u00dflich informatorischen Nutzung der Website, also wenn Sie sich nicht registrieren oder uns anderweitig Informationen \u00fcbermitteln, werden nur die Daten erhoben, die Ihr Browser an den von uns genutzten Server \u00fcbermittelt. Wenn Sie unsere Website betrachten m\u00f6chten, werden die folgenden Daten erhoben, die f\u00fcr uns technisch erforderlich sind, um Ihnen unsere Website anzuzeigen und die Stabilit\u00e4t und Sicherheit zu gew\u00e4hrleisten. Die Weiterleitung erfolgt automatisiert durch Ihren Browser und ist bei der Nutzung des Internets diesem inh\u00e4rent. (Rechtsgrundlage ist Art. 6 Abs. 1 lit. f DS-GVO):<\/p>\n\n\n\n<ul><li>IP-Adresse<\/li><li>Datum und Uhrzeit der Anfrage<\/li><li>Zeitzonendifferenz zur Greenwich Mean Time (GMT)<\/li><li>Inhalt der Anforderung (konkrete Seite)<\/li><li>Zugriffsstatus\/HTTP-Statuscode<\/li><li>jeweils \u00fcbertragene Datenmenge<\/li><li>Website, von der die Anforderung kommt<\/li><li>Browser<\/li><li>Betriebssystem und dessen Oberfl\u00e4che<\/li><li>Sprache und Version der Browsersoftware.<\/li><\/ul>\n\n\n\n<h3>Verantwortlicher<\/h3>\n\n\n\n<p>Den Verantwortlichen gem. Art. 4 Nr. 7 EU-Datenschutz-Grundverordnung (DS-GVO) entnehmen Sie bitte dem Impressum.<\/p>\n\n\n\n<h3>Verwendungszwecke<\/h3>\n\n\n\n<p>Die von Ihnen erfassten pers\u00f6nlichen Daten werden wir nur dazu verwenden, Ihnen die gew\u00fcnschten Produkte oder Dienstleistungen bereitzustellen, oder aber zu anderen Zwecken, f\u00fcr die Sie Ihre Einwilligung erteilt haben, sofern keine anderslautenden gesetzlichen Verpflichtungen bestehen.<\/p>\n\n\n\n<h3>Betroffenenrechte<\/h3>\n\n\n\n<p>Sie haben gegen\u00fcber uns folgende Rechte hinsichtlich der Sie betreffenden personenbezogenen Daten:<\/p>\n\n\n\n<ul><li>Recht auf Auskunft,<\/li><li>Recht auf Berichtigung oder L\u00f6schung,<\/li><li>Recht auf Einschr\u00e4nkung der Verarbeitung,<\/li><li>Recht auf Widerspruch gegen die Verarbeitung,<\/li><li>Recht auf Daten\u00fcbertragbarkeit.<\/li><\/ul>\n\n\n\n<p>Sie haben zudem das Recht, sich bei einer Datenschutz-Aufsichtsbeh\u00f6rde \u00fcber die Verarbeitung Ihrer personenbezogenen Daten durch uns zu beschweren.<\/p>\n\n\n\n<h3>Recht auf Widerruf oder Widerspruch gegen die Verarbeitung Ihrer Daten<\/h3>\n\n\n\n<p>Falls Sie eine Einwilligung zur Verarbeitung Ihrer Daten erteilt haben, k\u00f6nnen Sie diese jederzeit widerrufen. Ein solcher Widerruf beeinflusst die Zul\u00e4ssigkeit der Verarbeitung Ihrer personenbezogenen Daten, nachdem Sie ihn gegen\u00fcber uns ausgesprochen haben.<\/p>\n\n\n\n<h3>Aufbewahrung von Daten<\/h3>\n\n\n\n<p>Wir speichern personenbezogene Daten, solange dies zur Erf\u00fcllung unserer vertraglichen sowie vor- und nachvertraglichen Verpflichtungen erforderlich ist. Dies ber\u00fchrt nicht Ihr Recht auf L\u00f6schung oder Einschr\u00e4nkung der Verarbeitung. Au\u00dferdem wird dadurch nicht unser Recht ber\u00fchrt die Daten bei rechtlich zwingenden Gr\u00fcnden (Art. 6 Abs. 1 lit. c) DS-GVO) oder bei Vorliegen eines berechtigten Interesses (Art. 6 Abs. 1 lit. b) DS-GVO) weiterhin zu speichern. Als berechtigtes Interesse kommen insbesondere das Pr\u00fcfen und Durchsetzen von Schadensersatz- und anderen Anspr\u00fcchen in Betracht.&nbsp;<br>Logdateien, die zur Stabilit\u00e4t und Sicherheit des Systems erforderlich sind werden nach vier Tagen automatisiert gel\u00f6scht.<\/p>\n\n\n\n<h3>Sicherheit<\/h3>\n\n\n\n<p>Wir setzen technische und organisatorische Sicherheitsma\u00dfnahmen ein, um Ihre zur Verf\u00fcgung gestellten Daten durch zuf\u00e4llige oder vors\u00e4tzliche Manipulation, Verlust, Zerst\u00f6rung oder Zugriff unberechtigter Personen zu sch\u00fctzen. Im Falle der Erhebung und Verarbeitung pers\u00f6nlicher Daten werden die Informationen in verschl\u00fcsselter Form \u00fcbertragen, um einem Missbrauch der Daten durch Dritte vorzubeugen. Unsere Sicherungsma\u00dfnahmen werden entsprechend der technologischen Entwicklung fortlaufend \u00fcberarbeitet.<\/p>\n\n\n\n<h3>Anpassungen<\/h3>\n\n\n\n<p>Die st\u00e4ndige Entwicklung des Internets macht von Zeit zu Zeit Anpassungen unserer Datenschutzerkl\u00e4rung erforderlich. Wir behalten uns vor, jederzeit entsprechende \u00c4nderungen vorzunehmen.<\/p>\n\n\n\n<h3>Nutzungsstatistik<\/h3>\n\n\n\n<p>Beim Besuch unserer Seite wird von uns anonymisiert erfasst, auf welchem Weg die Besucher zu unserer Webseite gekommen sind und wie viele Nutzer die Seite aufgerufen haben. (Suchmaschine, Verlinkung, direkte Eingabe oder Werbema\u00dfnahmen) Die Daten werden nicht dazu genutzt einzelne Besucher zu identifizieren, sondern ausschlie\u00dflich zur \u00dcbermittlung quantitativer Gr\u00f6\u00dfen. Die Statistik kann nicht dazu genutzt werden ihr Verhalten auf anderen Webseiten nachzuvollziehen. Die Daten werden nicht mit anderen Diensten verkn\u00fcpft. Wenn Sie das Setzen von Cookies in Ihrem Browser deaktiviert haben, werden Ihre Besuche nicht erfasst. Ansonsten werden diese Cookies nach sieben Tagen automatisiert gel\u00f6scht.<\/p>\n\n\n\n<h3>Inhalte Dritter auf der Webseite<\/h3>\n\n\n\n<p>Unser Internetauftritt integriert Inhalte anderer Anbieter. Dies k\u00f6nnen reine Content-Elemente (z.B. Nachrichten, Neuigkeiten), aber auch Widgets (Funktionen wie z.B. Buchungssysteme) oder z.B. Schriften und technische Bibliotheken sein. Dazu geh\u00f6ren auch Google Fonts. Aus technischen Gr\u00fcnden erfolgt dies, indem diese Inhalte vom Browser von anderen Servern geladen werden. In diesem Zusammenhang werden die aktuell von Ihrem Browser verwendete IP und der verwendete Browser des anfragenden Systems \u00fcbermittelt. Bitte beachten Sie diesbez\u00fcglich die jeweiligen Datenschutzerkl\u00e4rungen der Drittanbieter.null<\/p>\n\n\n\n<h3><strong>Server-Logfiles<\/strong><\/h3>\n\n\n\n<p>Sie k\u00f6nnen unsere Webseiten besuchen, ohne Angaben zu Ihrer Person zu machen.&nbsp;Bei jedem Zugriff auf unsere Website werden an uns oder unseren Webhoster \/ IT-Dienstleister Nutzungsdaten durch Ihren Internet Browser \u00fcbermittelt und in Protokolldaten (sog. Server-Logfiles) gespeichert. Zu diesen gespeicherten Daten geh\u00f6ren z.B. der Name der aufgerufenen Seite, Datum und Uhrzeit des Abrufs, die IP-Adresse, die \u00fcbertragene Datenmenge und der anfragende Provider. Die Verarbeitung erfolgt auf Grundlage des Art. 6 Abs. 1 lit. f DSGVO aus berechtigtem Interesse an der Gew\u00e4hrleistung eines st\u00f6rungsfreien Betriebs unserer Website sowie zur Verbesserung unseres Angebotes.&nbsp;<\/p>\n\n\n\n<h3><strong>Erhebung und Verarbeitung bei Nutzung des Kontaktformulars&nbsp;<\/strong><\/h3>\n\n\n\n<p><br>Bei der Nutzung des Kontaktformulars erheben wir Ihre personenbezogenen Daten (Name, E-Mail-Adresse, Nachrichtentext) nur in dem von Ihnen zur Verf\u00fcgung gestellten Umfang. Die Datenverarbeitung dient dem Zweck der Kontaktaufnahme. Mit Absenden Ihrer Nachricht willigen Sie in die Verarbeitung der \u00fcbermittelten Daten ein. Die Verarbeitung erfolgt auf Grundlage des Art. 6 (1) lit. a DSGVO mit Ihrer Einwilligung.<br>Sie k\u00f6nnen Ihre Einwilligung jederzeit durch Mitteilung an uns widerrufen, ohne dass die Rechtm\u00e4\u00dfigkeit der aufgrund der Einwilligung bis zum Widerruf erfolgten Verarbeitung ber\u00fchrt wird. Ihre E-Mail-Adresse nutzen wir nur zur Bearbeitung Ihrer Anfrage. Ihre Daten werden anschlie\u00dfend gel\u00f6scht, sofern Sie der weitergehenden Verarbeitung und Nutzung nicht zugestimmt haben.<strong>Verwendung von Google reCAPTCHA&nbsp;<\/strong>Wir verwenden auf unserer Website den Dienst reCAPTCHA der Google Inc. (1600 Amphitheatre Parkway, Mountain View, CA 94043, USA; \u201eGoogle\u201c). Die Abfrage dient dem Zweck der Unterscheidung der Eingabe durch einen Menschen oder durch automatisierte, maschinelle Verarbeitung. Dazu wird Ihre Eingabe an Google \u00fcbermittelt und dort weiterverwendet. Zus\u00e4tzlich werden die IP-Adresse und gegebenenfalls weiterer von Google f\u00fcr den Dienst reCAPTCHA ben\u00f6tigter Daten an Google \u00fcbertragen. Diese Daten werden von Google innerhalb der Europ\u00e4ischen Union und gegebenenfalls auch in die USA verarbeitet. F\u00fcr Daten\u00fcbermittlungen in die USA ist ein Angemessenheitsbeschluss der Europ\u00e4ischen Kommission, das \u201cPrivacy Shield\u201d, vorhanden. Google nimmt am \u201cPrivacy Shield\u201d teil und hat sich den Vorgaben unterworfen.&nbsp;Die Verarbeitung erfolgt auf Grundlage des Art. 6 Abs. 1 lit. f DSGVO aus dem berechtigten Interesse unsere Website vor automatisierter Aussp\u00e4hung, Missbrauch und SPAM zu sch\u00fctzen.N\u00e4here Informationen zu Google reCAPTCHA sowie die dazugeh\u00f6rige Datenschutzerkl\u00e4rung finden Sie unter:&nbsp;<a rel=\"noreferrer noopener\" href=\"https:\/\/www.google.com\/recaptcha\/intro\/android.html\" target=\"_blank\">https:\/\/www.google.com\/recaptcha\/intro\/android.html<\/a>&nbsp;sowie&nbsp;<a rel=\"noreferrer noopener\" href=\"https:\/\/www.google.com\/privacy\" target=\"_blank\">https:\/\/www.google.com\/privacy<\/a>.&nbsp;<\/p>\n\n\n\n<h2><strong>Cookies&nbsp;<\/strong><\/h2>\n\n\n\n<p>Unsere Website verwendet Cookies. Cookies sind kleine Textdateien, die im Internetbrowser bzw. vom Internetbrowser auf dem Computersystem eines Nutzers gespeichert werden. Ruft ein Nutzer eine Website auf, so kann ein Cookie auf dem Betriebssystem des Nutzers gespeichert werden. Dieser Cookie enth\u00e4lt eine charakteristische Zeichenfolge, die eine eindeutige Identifizierung des Browsers beim erneuten Aufrufen der Website erm\u00f6glicht. Wir setzen Cookies zu dem Zweck ein, unser Angebot nutzerfreundlicher, effektiver und sicherer zu machen. Des Weiteren erm\u00f6glichen Cookies unseren Systemen, Ihren Browser auch nach einem Seitenwechsel zu erkennen und Ihnen Services anzubieten. Einige Funktionen unserer Internetseite k\u00f6nnen ohne den Einsatz von Cookies nicht angeboten werden. F\u00fcr diese ist es erforderlich, dass der Browser auch nach einem Seitenwechsel wiedererkannt wird.<\/p>\n\n\n\n<p>Wir verwenden auf unserer Website dar\u00fcber hinaus Cookies zu dem Zweck, eine Analyse des Surfverhaltens unserer Seitenbesucher zu erm\u00f6glichen.<\/p>\n\n\n\n<p>Des Weiteren verwenden wir Cookies zu dem Zweck, Seitenbesucher anschlie\u00dfend auf anderen Webseiten mit gezielter, interessenbezogener Werbung anzusprechen.<\/p>\n\n\n\n<p>Die Verarbeitung erfolgt auf Grundlage des \u00a7 15 (3) TMG sowie Art. 6 (1) lit. f DSGVO aus dem berechtigten Interesse an den oben genannten Zwecken.<br>Die auf diese Weise von Ihnen erhobenen Daten werden durch technische Vorkehrungen pseudonymisiert. Eine Zuordnung der Daten zu Ihrer Person ist daher nicht mehr m\u00f6glich. Die Daten werden nicht gemeinsam mit sonstigen personenbezogenen Daten von Ihnen gespeichert.<br><strong><em>Sie haben das Recht aus Gr\u00fcnden, die sich aus Ihrer besonderen Situation ergeben, jederzeit dieser auf Art. 6 (1) f DSGVO beruhenden Verarbeitung Sie betreffender personenbezogener Daten zu widersprechen.<\/em><\/strong><br>Cookies werden auf Ihrem Rechner gespeichert. Daher haben Sie die volle Kontrolle \u00fcber die Verwendung von Cookies. Durch die Auswahl entsprechender technischer Einstellungen in Ihrem Internetbrowser k\u00f6nnen Sie die Speicherung der Cookies und \u00dcbermittlung der enthaltenen Daten verhindern. Bereits gespeicherte Cookies k\u00f6nnen jederzeit gel\u00f6scht werden. Wir weisen Sie jedoch darauf hin, dass Sie dann gegebenenfalls nicht s\u00e4mtliche Funktionen dieser Website vollumf\u00e4nglich werden nutzen k\u00f6nnen.<br>Unter den nachstehenden Links k\u00f6nnen Sie sich informieren, wie Sie die Cookies bei den wichtigsten Browsern verwalten (u.a. auch deaktivieren) k\u00f6nnen:<br>Chrome Browser:&nbsp;<a href=\"https:\/\/support.google.com\/accounts\/answer\/61416?hl=de\" target=\"_blank\" rel=\"noreferrer noopener\">https:\/\/support.google.com\/accounts\/answer\/61416?hl=de<\/a><br>Internet Explorer:&nbsp;<a href=\"https:\/\/support.microsoft.com\/de-de\/help\/17442\/windows-internet-explorer-delete-manage-cookies\" target=\"_blank\" rel=\"noreferrer noopener\">https:\/\/support.microsoft.com\/de-de\/help\/17442\/windows-internet-explorer-delete-manage-cookies<\/a><br>Mozilla Firefox:&nbsp;<a href=\"https:\/\/support.mozilla.org\/de\/kb\/cookies-erlauben-und-ablehnen\" target=\"_blank\" rel=\"noreferrer noopener\">https:\/\/support.mozilla.org\/de\/kb\/cookies-erlauben-und-ablehnen<\/a><br>Safari:&nbsp;<a href=\"https:\/\/support.apple.com\/de-de\/guide\/safari\/manage-cookies-and-website-data-sfri11471\/mac\" target=\"_blank\" rel=\"noreferrer noopener\">https:\/\/support.apple.com\/de-de\/guide\/safari\/manage-cookies-and-website-data-sfri11471\/mac<\/a><\/p>\n\n\n\n<h3><strong>Nutzung von Google Analytics&nbsp;<\/strong><\/h3>\n\n\n\n<p>Wir verwenden auf unserer Website den Webanalysedienst Google Analytics der Google Inc. (1600 Amphitheatre Parkway, Mountain View, CA 94043, USA; \u201eGoogle\u201c). Die Datenverarbeitung dient dem Zweck der Analyse dieser Website und ihrer Besucher. Dazu wird Google im Auftrag des Betreibers dieser Website die gewonnenen Informationen benutzen, um Ihre Nutzung der Website auszuwerten, um Reports \u00fcber die Websiteaktivit\u00e4ten zusammenzustellen und um weitere, mit der Websitenutzung und der Internetnutzung verbundene Dienstleistungen gegen\u00fcber dem Websitebetreiber zu erbringen. Die im Rahmen von Google Analytics von Ihrem Browser \u00fcbermittelte IP-Adresse wird nicht mit anderen Daten von Google zusammengef\u00fchrt.<br>Google Analytics verwendet Cookies, die eine Analyse der Benutzung der Website durch Sie erm\u00f6glichen. Die durch die Cookies erzeugten Informationen \u00fcber Ihre Benutzung dieser Website werden in der Regel an einen Server von Google in den USA \u00fcbertragen und dort gespeichert. Auf dieser Website ist die IP-Anonymisierung aktiviert. Dadurch wird Ihre IP-Adresse von Google innerhalb von Mitgliedstaaten der Europ\u00e4ischen Union oder in anderen Vertragsstaaten des Abkommens \u00fcber den Europ\u00e4ischen Wirtschaftsraum zuvor gek\u00fcrzt. Nur in Ausnahmef\u00e4llen wird die volle IP-Adresse an einen Server von Google in den USA \u00fcbertragen und dort gek\u00fcrzt. Ihre Daten werden gegebenenfalls in die USA \u00fcbermittelt. F\u00fcr Daten\u00fcbermittlungen in die USA ist ein Angemessenheitsbeschluss der Europ\u00e4ischen Kommission vorhanden. Die Verarbeitung erfolgt auf Grundlage des Art. 6 (1) lit. f DSGVO aus dem berechtigten Interesse an der bedarfsgerechten und zielgerichteten Gestaltung der Website.&nbsp;<strong><em>Sie haben das Recht aus Gr\u00fcnden, die sich aus Ihrer besonderen Situation ergeben, jederzeit dieser auf Art. 6 (1) f DSGVO beruhenden Verarbeitung Sie betreffender personenbezogener Daten zu widersprechen.<\/em><\/strong><br>Sie k\u00f6nnen dazu die Speicherung der Cookies durch die Auswahl entsprechender technischer Einstellungen Ihrer Browser-Software verhindern; wir weisen Sie jedoch darauf hin, dass Sie in diesem Fall gegebenenfalls nicht s\u00e4mtliche Funktionen dieser Website vollumf\u00e4nglich werden nutzen k\u00f6nnen. Sie k\u00f6nnen des Weiteren die Erfassung der durch das Cookie erzeugten und auf Ihre Nutzung der Website bezogenen Daten (inkl. Ihrer IP-Adresse) an Google sowie die Verarbeitung dieser Daten durch Google verhindern, indem sie das unter dem folgenden Link verf\u00fcgbare Browser-Plug-in herunterladen und installieren [<a rel=\"noreferrer noopener\" href=\"https:\/\/tools.google.com\/dlpage\/gaoptout?hl=de\" target=\"_blank\">https:\/\/tools.google.com\/dlpage\/gaoptout?hl=de<\/a>].&nbsp;Um die Erfassung durch Google Analytics ger\u00e4te\u00fcbergreifend zu verhindern k\u00f6nnen Sie einen Opt-Out-Cookie setzen. Opt-Out-Cookies verhindern die zuk\u00fcnftige Erfassung Ihrer Daten beim Besuch dieser Website. Sie m\u00fcssen das Opt-Out auf allen genutzten Systemen und Ger\u00e4ten durchf\u00fchren, damit dies umfassend wirkt. Wenn Sie hier klicken, wird das Opt-Out-Cookie gesetzt:&nbsp;<a>Google Analytics deaktivieren<\/a>.&nbsp;<br>N\u00e4here Informationen zu Nutzungsbedingungen und Datenschutz finden Sie unter&nbsp;<a rel=\"noreferrer noopener\" href=\"https:\/\/www.google.com\/analytics\/terms\/de.html\" target=\"_blank\">https:\/\/www.google.com\/analytics\/terms\/de.html<\/a>&nbsp;bzw. unter&nbsp;<a rel=\"noreferrer noopener\" href=\"https:\/\/www.google.de\/intl\/de\/policies\/\" target=\"_blank\">https:\/\/www.google.de\/intl\/de\/policies\/<\/a>.<\/p>\n\n\n\n<h3><strong>Verwendung der Remarketing- oder \u201c\u00c4hnliche Zielgruppen\u201d-Funktion der Google Inc.<\/strong><\/h3>\n\n\n\n<p>Wir verwenden auf unserer Website die Remarketing- oder \u201c\u00c4hnliche Zielgruppen\u201d- Funktion der Google Inc. (1600 Amphitheatre Parkway, Mountain View, CA 94043, USA; \u201eGoogle\u201c). Diese Funktion dient dem Zweck der Analyse des Besucherverhaltens und der Besucherinteressen.<br>Zur Durchf\u00fchrung der Analyse der Websiten-Nutzung, welche die Grundlage f\u00fcr die Erstellung der interessenbezogenen Werbeanzeigen bildet, setzt Google Cookies ein. \u00dcber die Cookies werden die Besuche der Website sowie anonymisierte Daten \u00fcber die Nutzung der Website erfasst. Es erfolgt keine Speicherung von personenbezogenen Daten der Besucher der Website. Besuchen Sie nachfolgend eine andere Website im Google Display-Netzwerk werden Ihnen Werbeeinblendungen angezeigt, die mit hoher Wahrscheinlichkeit zuvor aufgerufene Produkt- und Informationsbereiche ber\u00fccksichtigen.<br>Ihre Daten werden dabei gegebenenfalls auch in die USA \u00fcbermittelt. F\u00fcr Daten\u00fcbermittlungen in die USA ist ein Angemessenheitsbeschluss der Europ\u00e4ischen Kommission vorhanden.<br>Die Verarbeitung erfolgt auf Grundlage des Art. 6 (1) lit. f DSGVO aus dem berechtigten Interesse, die Besucher der Website zielgerichtet mit Werbung anzusprechen, indem f\u00fcr Besucher der Website des Anbieters personalisierte, interessenbezogene Werbung-Anzeigen geschaltet werden, wenn sie andere Websiten im Google Display-Netzwerk besuchen.<br><strong><em>Sie haben das Recht aus Gr\u00fcnden, die sich aus Ihrer besonderen Situation ergeben, jederzeit dieser auf Art. 6 (1) f DSGVO beruhenden Verarbeitung Sie betreffender personenbezogener Daten zu widersprechen.<\/em><\/strong><br>Sie k\u00f6nnen dazu die Verwendung von Cookies durch Google dauerhaft deaktivieren, indem Sie dem nachfolgenden Link folgen und das dort bereitgestellte Plug-In herunterladen und installieren:&nbsp;<a rel=\"noreferrer noopener\" href=\"https:\/\/support.google.com\/ads\/answer\/7395996?hl=de\" target=\"_blank\">https:\/\/support.google.com\/ads\/answer\/7395996?hl=de<\/a><br>Alternativ k\u00f6nnen Sie die Verwendung von Cookies durch Drittanbieter deaktivieren, indem sie die Deaktivierungsseite der Netzwerkwerbeinitiative (Network Advertising Initiative) unter&nbsp;<a rel=\"noreferrer noopener\" href=\"https:\/\/www.networkadvertising.org\/choices\/\" target=\"_blank\">https:\/\/www.networkadvertising.org\/choices\/<\/a>&nbsp;aufrufen und die dort genannten weiterf\u00fchrenden Information zum Opt-Out umsetzen.<br>N\u00e4here Informationen zu Google Remarketing sowie die dazugeh\u00f6rige Datenschutzerkl\u00e4rung finden Sie unter:&nbsp;<a rel=\"noreferrer noopener\" href=\"https:\/\/www.google.com\/privacy\/ads\/\" target=\"_blank\">https:\/\/www.google.com\/privacy\/ads\/<\/a><strong>Verwendung von GoogleMaps<\/strong><br>Wir verwenden auf unserer Website die Funktion zur Einbettung von GoogleMaps-Karten der Google Inc. (1600 Amphitheatre Parkway, Mountain View, CA 94043, USA; \u201cGoogle\u201d).<br>Die Funktion erm\u00f6glicht die visuelle Darstellung von geographischen Informationen und interaktiven Landkarten. Dabei werden von Google bei Aufrufen der Seiten, in die GoogleMaps-Karten eingebunden sind, auch Daten der Besucher der Websites erhoben, verarbeitet und genutzt.<br>Ihre Daten werden dabei gegebenenfalls auch in die USA \u00fcbermittelt. F\u00fcr Daten\u00fcbermittlungen in die USA ist ein Angemessenheitsbeschluss der Europ\u00e4ischen Kommission vorhanden.<br>Die Verarbeitung erfolgt auf Grundlage des Art. 6 Abs. 1 lit. f DSGVO aus dem berechtigten Interesse an der bedarfsgerechten und zielgerichteten Gestaltung unserer Website.<br>N\u00e4here Informationen zur Erhebung und Nutzung der Daten durch Google finden Sie in den Datenschutzhinweisen von Google unter&nbsp;<a rel=\"noreferrer noopener\" href=\"https:\/\/www.google.com\/privacypolicy.html\" target=\"_blank\">https:\/\/www.google.com\/privacypolicy.html<\/a>. Dort haben Sie auch im Datenschutzcenter die M\u00f6glichkeit Ihre Einstellungen zu ver\u00e4ndern, so dass Sie Ihre von Google verarbeiteten Daten verwalten und sch\u00fctzen k\u00f6nnen.null<\/p>\n","protected":false},"excerpt":{"rendered":"<p>Perlwitz GmbHGuido Perlwitz Kontaktdaten: Anschrift:&nbsp; Ernst-Th\u00e4lmann-Str. 1815306 Fichtenh\u00f6he OT Niederjesar Telefon: +49 33602 6144 Fax: +49 33602 2838 E-Mail: info@perlwitz-gmbh.de Umsatzsteuer-Identifikationsnummer: 138998038 Register &amp; Registernummer: Amtsgericht Frankfurt (Oder)HRB 90 Aufsichtsbeh\u00f6rde: Handwerkskammer Frankfurt (Oder) Verantwortlicher \/ Verantwortliche f\u00fcr journalistisch-redaktionelle Texte: Guido Perlwitz Plattform der EU-Kommission zur Online-Streitbeilegung: www.ec.europa.eu\/consumers\/odr Datenschutz\u00aderkl\u00e4rung Wir sind uns dar\u00fcber bewusst, dass Ihnen &hellip; <\/p>\n<p class=\"link-more\"><a href=\"https:\/\/www.perlwitz-gmbh.de\/?page_id=73\" class=\"more-link\"><span class=\"screen-reader-text\">\u201eImpressum\u201c<\/span> weiterlesen<\/a><\/p>\n","protected":false},"author":1,"featured_media":0,"parent":0,"menu_order":0,"comment_status":"closed","ping_status":"closed","template":"","meta":[],"_links":{"self":[{"href":"https:\/\/www.perlwitz-gmbh.de\/index.php?rest_route=\/wp\/v2\/pages\/73"}],"collection":[{"href":"https:\/\/www.perlwitz-gmbh.de\/index.php?rest_route=\/wp\/v2\/pages"}],"about":[{"href":"https:\/\/www.perlwitz-gmbh.de\/index.php?rest_route=\/wp\/v2\/types\/page"}],"author":[{"embeddable":true,"href":"https:\/\/www.perlwitz-gmbh.de\/index.php?rest_route=\/wp\/v2\/users\/1"}],"replies":[{"embeddable":true,"href":"https:\/\/www.perlwitz-gmbh.de\/index.php?rest_route=%2Fwp%2Fv2%2Fcomments&post=73"}],"version-history":[{"count":5,"href":"https:\/\/www.perlwitz-gmbh.de\/index.php?rest_route=\/wp\/v2\/pages\/73\/revisions"}],"predecessor-version":[{"id":287,"href":"https:\/\/www.perlwitz-gmbh.de\/index.php?rest_route=\/wp\/v2\/pages\/73\/revisions\/287"}],"wp:attachment":[{"href":"https:\/\/www.perlwitz-gmbh.de\/index.php?rest_route=%2Fwp%2Fv2%2Fmedia&parent=73"}],"curies":[{"name":"wp","href":"https:\/\/api.w.org\/{rel}","templated":true}]}}